{"id":37533,"date":"2026-04-01T17:11:00","date_gmt":"2026-04-01T15:11:00","guid":{"rendered":"https:\/\/simonassocies.com\/domaines-dexpertise\/affaires-publiques\/"},"modified":"2026-04-01T17:26:23","modified_gmt":"2026-04-01T15:26:23","slug":"public-affairs","status":"publish","type":"page","link":"https:\/\/simonassocies.com\/en\/domaines-dexpertise\/public-affairs\/","title":{"rendered":"Public affairs"},"content":{"rendered":"<div class=\"wpb-content-wrapper\"><p>[vc_row el_id=&#8221;content-sub-page&#8221; el_class=&#8221;page-simon-asso&#8221; css=&#8221;.vc_custom_1501756781042{margin-bottom: 85px !important;padding-top: 0px !important;}&#8221;][vc_column width=&#8221;3\/4&#8243;][vc_single_image image=&#8221;37543&#8243; img_size=&#8221;full&#8221; css=&#8221;.vc_custom_1775057165118{margin-bottom: 60px !important;}&#8221;][vc_custom_heading text=&#8221;Public Affairs&#8221; font_container=&#8221;tag:h1|font_size:36px|text_align:left|color:%23222756|line_height:36px&#8221; google_fonts=&#8221;font_family:Lato%3A100%2C100italic%2C300%2C300italic%2Cregular%2Citalic%2C700%2C700italic%2C900%2C900italic|font_style:300%20light%20regular%3A300%3Anormal&#8221; css=&#8221;.vc_custom_1775057279599{margin-bottom: 25px !important;}&#8221;][vc_column_text css=&#8221;.vc_custom_1775056446545{margin-bottom: 0px !important;}&#8221;]<\/p>\n<p data-start=\"79\" data-end=\"373\">The <strong data-start=\"83\" data-end=\"101\">Public Affairs<\/strong> department reflects Simon Associ\u00e9s\u2019 commitment to supporting companies, their executives, industry federations, professional organizations and institutional stakeholders in understanding, anticipating and navigating public decisions that shape their economic environment.<\/p>\n<p data-start=\"375\" data-end=\"626\">As a multidisciplinary business law firm, Simon Associ\u00e9s already promotes a comprehensive approach to corporate strategy, strong sector expertise, and support both in France and internationally. This new department is fully aligned with that approach.<\/p>\n<p data-start=\"628\" data-end=\"799\">Simon Associ\u00e9s thus reaffirms its ambition to assist clients at the highest level on institutional, regulatory and strategic issues that define their business environment.<\/p>\n<p data-start=\"801\" data-end=\"1132\">Designed as a point of convergence between law, public decision-making and strategy, the department advises companies, executives, federations and professional organizations on analyzing their regulatory environment, defining their positions, and managing their relationships with public authorities and institutional stakeholders.<\/p>\n<p data-start=\"1134\" data-end=\"1312\">Its approach is distinguished by the combination of strong legal expertise, in-depth knowledge of institutions, and a rigorous understanding of economic and territorial dynamics.<\/p>\n<p>[\/vc_column_text][vc_column_text css=&#8221;.vc_custom_1775056473465{margin-bottom: 0px !important;}&#8221;]<\/p>\n<p data-start=\"50\" data-end=\"100\">The department\u2019s activities include in particular:<\/p>\n<ul data-start=\"102\" data-end=\"746\">\n<li data-section-id=\"1yz175w\" data-start=\"102\" data-end=\"186\">monitoring and analyzing legislative, regulatory and institutional developments;<\/li>\n<li data-section-id=\"1w0s1lk\" data-start=\"187\" data-end=\"283\">identifying public policy issues likely to impact clients\u2019 activities, growth or reputation;<\/li>\n<li data-section-id=\"l001nt\" data-start=\"284\" data-end=\"412\">developing positioning and advocacy strategies, in compliance with ethical standards and applicable regulatory requirements;<\/li>\n<li data-section-id=\"lia6ac\" data-start=\"413\" data-end=\"504\">preparing submissions, briefing notes, position papers, hearings and public statements;<\/li>\n<li data-section-id=\"1fbca21\" data-start=\"505\" data-end=\"647\">supporting clients in their interactions with public authorities, administrative bodies, parliamentary stakeholders and local authorities;<\/li>\n<li data-section-id=\"1pp9umr\" data-start=\"648\" data-end=\"746\">handling matters involving significant economic, territorial, sectoral or reputational stakes.<\/li>\n<\/ul>\n<p>[\/vc_column_text][vc_column_text css=&#8221;.vc_custom_1775056691987{margin-bottom: 0px !important;}&#8221;]<\/p>\n<p data-start=\"73\" data-end=\"306\">Our approach is based on a simple conviction: public affairs require both a comprehensive understanding of institutions, a thorough command of legal frameworks, and a practical knowledge of the economic realities faced by businesses.<\/p>\n<p data-start=\"308\" data-end=\"504\">Thanks to the complementary expertise of the professionals within this department, Simon Associ\u00e9s provides strategic, operational and tailored support, serving its clients\u2019 decisions and projects.<\/p>\n<p data-start=\"506\" data-end=\"773\">In line with Simon Associ\u00e9s\u2019 DNA, the department stands out for its combined strategic, legal and operational approach, grounded in a detailed understanding of public decision-making processes and an in-depth knowledge of the needs of businesses and their ecosystems.<\/p>\n<p>The <strong>Public Affairs departement<\/strong> is headed by <a href=\"https:\/\/simonassocies.com\/en\/equipe\/hourdin-hugues\/\"><strong>Hugues HOURDIN<\/strong><\/a> and also brings together\u00a0<a href=\"https:\/\/simonassocies.com\/en\/equipe\/perben-dominique\/\"><strong>Dominique PERBEN<\/strong><\/a>, <a href=\"https:\/\/simonassocies.com\/en\/equipe\/grau-romain\/\"><strong>Romain GRAU<\/strong><\/a>, <strong><a href=\"https:\/\/simonassocies.com\/en\/equipe\/demaison-jack\/\">Jack DEMAISON<\/a>, <a href=\"https:\/\/simonassocies.com\/en\/equipe\/maitrot-de-la-motte-alexandre\/\">Alexandre MAITROT DE LA MOTTE<\/a>, <\/strong>\u00a0<a href=\"https:\/\/simonassocies.com\/en\/equipe\/gardon-thierry\/\"><strong>Thierry GARDON<\/strong><\/a>, <a href=\"https:\/\/simonassocies.com\/en\/equipe\/simon-jean-charles\/\"><strong>Jean-Charles SIMON <\/strong><\/a>and <a href=\"https:\/\/simonassocies.com\/en\/equipe\/simon-francois-luc\/\"><strong>Fran\u00e7ois Luc SIMON<\/strong>.<\/a>[\/vc_column_text]<style type=\"text\/css\" >#l_0n029pqjhysour0nbfth.sc_line ,#l_0n029pqjhysour0nbfth .sc_line { height:1px; background:#222756;}#l_0n029pqjhysour0nbfth {margin:50px 0 50px 0; padding:0;}<\/style><div class=\"clearfix\"><\/div><div id=\"l_0n029pqjhysour0nbfth\"  class=\"sc_line rd_line_normal\" ><\/div>[vc_column_text css=&#8221;.vc_custom_1775056858885{margin-bottom: 0px !important;}&#8221;]<\/p>\n<h2>Team<\/h2>\n<p>[\/vc_column_text][\/vc_column][vc_column width=&#8221;1\/4&#8243;][vc_column_text css=&#8221;.vc_custom_1527238163372{margin-bottom: 0px !important;}&#8221;]<\/p>\n<div class=\"btn-black btn-right text-right \"><a href=\"\/secteurs-dactivite\/\">SECTEURS D\u2019ACTIVIT\u00c9<\/a><\/div>\n<p>[\/vc_column_text][\/vc_column][\/vc_row][vc_row][vc_column width=&#8221;1\/4&#8243;][vc_single_image image=&#8221;35085&#8243; img_size=&#8221;185&#215;185&#8243; css=&#8221;&#8221;][vc_column_text css=&#8221;&#8221;]<a href=\"https:\/\/simonassocies.com\/en\/equipe\/hourdin-hugues\/\"><span style=\"color: #000061;\"><b>HUGUES HOURDIN<\/b><\/span><\/a><br \/>\n<span style=\"color: #000061;\">PARTNER<\/span>[\/vc_column_text][vc_empty_space][\/vc_column][vc_column width=&#8221;1\/4&#8243;][vc_single_image image=&#8221;34101&#8243; img_size=&#8221;185&#215;185&#8243;][vc_column_text css=&#8221;&#8221;]<a href=\"https:\/\/simonassocies.com\/en\/equipe\/perben-dominique\/\"><span style=\"color: #000061;\"><b>DOMINIQUE PERBEN<\/b><\/span><\/a><br \/>\n<span style=\"color: #000061;\">PARTNER<\/span>[\/vc_column_text][\/vc_column][vc_column width=&#8221;1\/4&#8243;][vc_single_image image=&#8221;31799&#8243; img_size=&#8221;185&#215;185&#8243;][vc_column_text css=&#8221;&#8221;]<a href=\"https:\/\/simonassocies.com\/en\/equipe\/grau-romain\/\"><span style=\"color: #000061;\"><b>ROMAIN GRAU<\/b><\/span><\/a><br \/>\n<span style=\"color: #000061;\">PARTNER<\/span>[\/vc_column_text][\/vc_column][vc_column width=&#8221;1\/4&#8243;][vc_single_image image=&#8221;10751&#8243; img_size=&#8221;185&#215;185&#8243; css=&#8221;&#8221;][vc_column_text css=&#8221;&#8221;]<a href=\"https:\/\/simonassocies.com\/en\/equipe\/demaison-jack\/\"><span style=\"color: #000061;\"><b>JACK DEMAISON<\/b><\/span><\/a><br \/>\n<span style=\"color: #000061;\">PARTNER<\/span>[\/vc_column_text][\/vc_column][\/vc_row][vc_row][vc_column width=&#8221;1\/4&#8243;][vc_single_image image=&#8221;35585&#8243; img_size=&#8221;185&#215;185&#8243; css=&#8221;&#8221;][vc_column_text css=&#8221;&#8221;]<a href=\"https:\/\/simonassocies.com\/en\/equipe\/maitrot-de-la-motte-alexandre\/\"><span style=\"color: #000061;\"><b>ALEXANDRE MAITROT DE LA MOTTE<\/b><\/span><\/a><br \/>\n<span style=\"color: #000061;\">PARTNER<\/span>[\/vc_column_text][\/vc_column][vc_column width=&#8221;1\/4&#8243;][vc_single_image image=&#8221;32396&#8243; img_size=&#8221;185&#215;185&#8243; css=&#8221;&#8221;][vc_column_text css=&#8221;&#8221;]<a href=\"https:\/\/simonassocies.com\/en\/equipe\/gardon-thierry\/\"><b>THIERRY GARDON<\/b><\/a><br \/>\nSPECIAL ADVISOR[\/vc_column_text][\/vc_column][vc_column width=&#8221;1\/4&#8243;][vc_single_image image=&#8221;37196&#8243; img_size=&#8221;185&#215;185&#8243; css=&#8221;&#8221;][vc_column_text css=&#8221;&#8221;]<a href=\"https:\/\/simonassocies.com\/en\/equipe\/simon-jean-charles\/\"><b>JEAN-CHARLES SIMON<\/b><\/a><br \/>\nMANAGING PARTNER[\/vc_column_text][\/vc_column][vc_column width=&#8221;1\/4&#8243;][vc_single_image image=&#8221;10770&#8243; img_size=&#8221;185&#215;185&#8243; css=&#8221;&#8221;][vc_column_text css=&#8221;&#8221;]<a href=\"https:\/\/simonassocies.com\/en\/equipe\/simon-francois-luc\/\"><b>FRAN<strong><span class=\"gs_tkn show\">\u00c7OIS-LUC<\/span><\/strong><\/b><b> <\/b><b>SIMON<\/b><\/a><br \/>\nMANAGING PARTNER[\/vc_column_text][\/vc_column][\/vc_row][vc_row][vc_column][vc_empty_space][\/vc_column][\/vc_row]<\/p>\n<\/div>","protected":false},"excerpt":{"rendered":"<p>Le d\u00e9partement \u00ab\u00a0Contentieux &#038; Arbitrage\u00a0\u00bb constitue l\u2019activit\u00e9 \u00ab\u00a0historique\u00a0\u00bb de Simon Associ\u00e9s&#8230;<\/p>\n","protected":false},"author":26,"featured_media":37613,"parent":17260,"menu_order":0,"comment_status":"closed","ping_status":"closed","template":"","meta":{"footnotes":""},"class_list":["post-37533","page","type-page","status-publish","has-post-thumbnail","hentry"],"yoast_head":"<!-- This site is optimized with the Yoast SEO plugin v27.1.1 - https:\/\/yoast.com\/product\/yoast-seo-wordpress\/ -->\n<title>Avocat Droit Public des Affaires Paris - Simon Associ\u00e9s<\/title>\n<meta name=\"description\" content=\"Le d\u00e9partement \u00ab Droit \u00bb constitue l\u2019activit\u00e9 \u00ab historique \u00bb de Simon Associ\u00e9s, anim\u00e9 depuis sa cr\u00e9ation par un esprit dynamique.\" \/>\n<meta name=\"robots\" content=\"index, follow, max-snippet:-1, max-image-preview:large, max-video-preview:-1\" \/>\n<link rel=\"canonical\" href=\"https:\/\/simonassocies.com\/en\/domaines-dexpertise\/public-affairs\/\" \/>\n<meta property=\"og:locale\" content=\"en_US\" \/>\n<meta property=\"og:type\" content=\"article\" \/>\n<meta property=\"og:title\" content=\"Avocat Droit Public des Affaires Paris - Simon Associ\u00e9s\" \/>\n<meta property=\"og:description\" content=\"Le d\u00e9partement \u00ab Droit \u00bb constitue l\u2019activit\u00e9 \u00ab historique \u00bb de Simon Associ\u00e9s, anim\u00e9 depuis sa cr\u00e9ation par un esprit dynamique.\" \/>\n<meta property=\"og:url\" content=\"https:\/\/simonassocies.com\/en\/domaines-dexpertise\/public-affairs\/\" \/>\n<meta property=\"og:site_name\" content=\"Cabinet d&#039;avocats d&#039;Affaires Simon Associ\u00e9s\" \/>\n<meta property=\"article:modified_time\" content=\"2026-04-01T15:26:23+00:00\" \/>\n<meta property=\"og:image\" content=\"https:\/\/simonassocies.com\/wp-content\/uploads\/2025\/12\/close-up-stylo-rapport-financier_1098-3610-e1762264450667-350-350.jpg\" \/>\n\t<meta property=\"og:image:width\" content=\"350\" \/>\n\t<meta property=\"og:image:height\" content=\"350\" \/>\n\t<meta property=\"og:image:type\" content=\"image\/jpeg\" \/>\n<meta name=\"twitter:card\" content=\"summary_large_image\" \/>\n<meta name=\"twitter:label1\" content=\"Est. reading time\" \/>\n\t<meta name=\"twitter:data1\" content=\"5 minutes\" \/>\n<script type=\"application\/ld+json\" class=\"yoast-schema-graph\">{\"@context\":\"https:\/\/schema.org\",\"@graph\":[{\"@type\":\"WebPage\",\"@id\":\"https:\/\/simonassocies.com\/en\/domaines-dexpertise\/public-affairs\/\",\"url\":\"https:\/\/simonassocies.com\/en\/domaines-dexpertise\/public-affairs\/\",\"name\":\"Avocat Droit Public des Affaires Paris - Simon Associ\u00e9s\",\"isPartOf\":{\"@id\":\"https:\/\/simonassocies.com\/#website\"},\"primaryImageOfPage\":{\"@id\":\"https:\/\/simonassocies.com\/en\/domaines-dexpertise\/public-affairs\/#primaryimage\"},\"image\":{\"@id\":\"https:\/\/simonassocies.com\/en\/domaines-dexpertise\/public-affairs\/#primaryimage\"},\"thumbnailUrl\":\"https:\/\/simonassocies.com\/wp-content\/uploads\/2026\/04\/Simon_Associes_Departement_Affaires_Publiques-4-scaled-e1775143236861.jpg\",\"datePublished\":\"2026-04-01T15:11:00+00:00\",\"dateModified\":\"2026-04-01T15:26:23+00:00\",\"description\":\"Le d\u00e9partement \u00ab Droit \u00bb constitue l\u2019activit\u00e9 \u00ab historique \u00bb de Simon Associ\u00e9s, anim\u00e9 depuis sa cr\u00e9ation par un esprit dynamique.\",\"breadcrumb\":{\"@id\":\"https:\/\/simonassocies.com\/en\/domaines-dexpertise\/public-affairs\/#breadcrumb\"},\"inLanguage\":\"en-US\",\"potentialAction\":[{\"@type\":\"ReadAction\",\"target\":[\"https:\/\/simonassocies.com\/en\/domaines-dexpertise\/public-affairs\/\"]}]},{\"@type\":\"ImageObject\",\"inLanguage\":\"en-US\",\"@id\":\"https:\/\/simonassocies.com\/en\/domaines-dexpertise\/public-affairs\/#primaryimage\",\"url\":\"https:\/\/simonassocies.com\/wp-content\/uploads\/2026\/04\/Simon_Associes_Departement_Affaires_Publiques-4-scaled-e1775143236861.jpg\",\"contentUrl\":\"https:\/\/simonassocies.com\/wp-content\/uploads\/2026\/04\/Simon_Associes_Departement_Affaires_Publiques-4-scaled-e1775143236861.jpg\",\"width\":2560,\"height\":1707,\"caption\":\"A bustling office environment captured with motion blur as workers of diverse backgrounds walk briskly toward a large glass building. The morning sun reflects off the building, adding vibrancy to the scene of professional life.\"},{\"@type\":\"BreadcrumbList\",\"@id\":\"https:\/\/simonassocies.com\/en\/domaines-dexpertise\/public-affairs\/#breadcrumb\",\"itemListElement\":[{\"@type\":\"ListItem\",\"position\":1,\"name\":\"Accueil\",\"item\":\"https:\/\/simonassocies.com\/en\/\"},{\"@type\":\"ListItem\",\"position\":2,\"name\":\"Areas of expertise\",\"item\":\"https:\/\/simonassocies.com\/en\/domaines-dexpertise\/\"},{\"@type\":\"ListItem\",\"position\":3,\"name\":\"Public affairs\"}]},{\"@type\":\"WebSite\",\"@id\":\"https:\/\/simonassocies.com\/#website\",\"url\":\"https:\/\/simonassocies.com\/\",\"name\":\"Cabinet d&#039;avocats d&#039;Affaires Simon Associ\u00e9s\",\"description\":\"Le droit d&#039;entreprendre\",\"potentialAction\":[{\"@type\":\"SearchAction\",\"target\":{\"@type\":\"EntryPoint\",\"urlTemplate\":\"https:\/\/simonassocies.com\/?s={search_term_string}\"},\"query-input\":{\"@type\":\"PropertyValueSpecification\",\"valueRequired\":true,\"valueName\":\"search_term_string\"}}],\"inLanguage\":\"en-US\"}]}<\/script>\n<!-- \/ Yoast SEO plugin. -->","yoast_head_json":{"title":"Avocat Droit Public des Affaires Paris - Simon Associ\u00e9s","description":"Le d\u00e9partement \u00ab Droit \u00bb constitue l\u2019activit\u00e9 \u00ab historique \u00bb de Simon Associ\u00e9s, anim\u00e9 depuis sa cr\u00e9ation par un esprit dynamique.","robots":{"index":"index","follow":"follow","max-snippet":"max-snippet:-1","max-image-preview":"max-image-preview:large","max-video-preview":"max-video-preview:-1"},"canonical":"https:\/\/simonassocies.com\/en\/domaines-dexpertise\/public-affairs\/","og_locale":"en_US","og_type":"article","og_title":"Avocat Droit Public des Affaires Paris - Simon Associ\u00e9s","og_description":"Le d\u00e9partement \u00ab Droit \u00bb constitue l\u2019activit\u00e9 \u00ab historique \u00bb de Simon Associ\u00e9s, anim\u00e9 depuis sa cr\u00e9ation par un esprit dynamique.","og_url":"https:\/\/simonassocies.com\/en\/domaines-dexpertise\/public-affairs\/","og_site_name":"Cabinet d&#039;avocats d&#039;Affaires Simon Associ\u00e9s","article_modified_time":"2026-04-01T15:26:23+00:00","og_image":[{"width":350,"height":350,"url":"https:\/\/simonassocies.com\/wp-content\/uploads\/2025\/12\/close-up-stylo-rapport-financier_1098-3610-e1762264450667-350-350.jpg","type":"image\/jpeg"}],"twitter_card":"summary_large_image","twitter_misc":{"Est. reading time":"5 minutes"},"schema":{"@context":"https:\/\/schema.org","@graph":[{"@type":"WebPage","@id":"https:\/\/simonassocies.com\/en\/domaines-dexpertise\/public-affairs\/","url":"https:\/\/simonassocies.com\/en\/domaines-dexpertise\/public-affairs\/","name":"Avocat Droit Public des Affaires Paris - Simon Associ\u00e9s","isPartOf":{"@id":"https:\/\/simonassocies.com\/#website"},"primaryImageOfPage":{"@id":"https:\/\/simonassocies.com\/en\/domaines-dexpertise\/public-affairs\/#primaryimage"},"image":{"@id":"https:\/\/simonassocies.com\/en\/domaines-dexpertise\/public-affairs\/#primaryimage"},"thumbnailUrl":"https:\/\/simonassocies.com\/wp-content\/uploads\/2026\/04\/Simon_Associes_Departement_Affaires_Publiques-4-scaled-e1775143236861.jpg","datePublished":"2026-04-01T15:11:00+00:00","dateModified":"2026-04-01T15:26:23+00:00","description":"Le d\u00e9partement \u00ab Droit \u00bb constitue l\u2019activit\u00e9 \u00ab historique \u00bb de Simon Associ\u00e9s, anim\u00e9 depuis sa cr\u00e9ation par un esprit dynamique.","breadcrumb":{"@id":"https:\/\/simonassocies.com\/en\/domaines-dexpertise\/public-affairs\/#breadcrumb"},"inLanguage":"en-US","potentialAction":[{"@type":"ReadAction","target":["https:\/\/simonassocies.com\/en\/domaines-dexpertise\/public-affairs\/"]}]},{"@type":"ImageObject","inLanguage":"en-US","@id":"https:\/\/simonassocies.com\/en\/domaines-dexpertise\/public-affairs\/#primaryimage","url":"https:\/\/simonassocies.com\/wp-content\/uploads\/2026\/04\/Simon_Associes_Departement_Affaires_Publiques-4-scaled-e1775143236861.jpg","contentUrl":"https:\/\/simonassocies.com\/wp-content\/uploads\/2026\/04\/Simon_Associes_Departement_Affaires_Publiques-4-scaled-e1775143236861.jpg","width":2560,"height":1707,"caption":"A bustling office environment captured with motion blur as workers of diverse backgrounds walk briskly toward a large glass building. The morning sun reflects off the building, adding vibrancy to the scene of professional life."},{"@type":"BreadcrumbList","@id":"https:\/\/simonassocies.com\/en\/domaines-dexpertise\/public-affairs\/#breadcrumb","itemListElement":[{"@type":"ListItem","position":1,"name":"Accueil","item":"https:\/\/simonassocies.com\/en\/"},{"@type":"ListItem","position":2,"name":"Areas of expertise","item":"https:\/\/simonassocies.com\/en\/domaines-dexpertise\/"},{"@type":"ListItem","position":3,"name":"Public affairs"}]},{"@type":"WebSite","@id":"https:\/\/simonassocies.com\/#website","url":"https:\/\/simonassocies.com\/","name":"Cabinet d&#039;avocats d&#039;Affaires Simon Associ\u00e9s","description":"Le droit d&#039;entreprendre","potentialAction":[{"@type":"SearchAction","target":{"@type":"EntryPoint","urlTemplate":"https:\/\/simonassocies.com\/?s={search_term_string}"},"query-input":{"@type":"PropertyValueSpecification","valueRequired":true,"valueName":"search_term_string"}}],"inLanguage":"en-US"}]}},"_links":{"self":[{"href":"https:\/\/simonassocies.com\/en\/wp-json\/wp\/v2\/pages\/37533","targetHints":{"allow":["GET"]}}],"collection":[{"href":"https:\/\/simonassocies.com\/en\/wp-json\/wp\/v2\/pages"}],"about":[{"href":"https:\/\/simonassocies.com\/en\/wp-json\/wp\/v2\/types\/page"}],"author":[{"embeddable":true,"href":"https:\/\/simonassocies.com\/en\/wp-json\/wp\/v2\/users\/26"}],"replies":[{"embeddable":true,"href":"https:\/\/simonassocies.com\/en\/wp-json\/wp\/v2\/comments?post=37533"}],"version-history":[{"count":9,"href":"https:\/\/simonassocies.com\/en\/wp-json\/wp\/v2\/pages\/37533\/revisions"}],"predecessor-version":[{"id":37546,"href":"https:\/\/simonassocies.com\/en\/wp-json\/wp\/v2\/pages\/37533\/revisions\/37546"}],"up":[{"embeddable":true,"href":"https:\/\/simonassocies.com\/en\/wp-json\/wp\/v2\/pages\/17260"}],"wp:featuredmedia":[{"embeddable":true,"href":"https:\/\/simonassocies.com\/en\/wp-json\/wp\/v2\/media\/37613"}],"wp:attachment":[{"href":"https:\/\/simonassocies.com\/en\/wp-json\/wp\/v2\/media?parent=37533"}],"curies":[{"name":"wp","href":"https:\/\/api.w.org\/{rel}","templated":true}]}}