{"id":19178,"date":"2019-04-25T13:56:56","date_gmt":"2019-04-25T12:56:56","guid":{"rendered":"https:\/\/www.simonassocies.com\/en\/?page_id=19178"},"modified":"2026-04-01T16:10:48","modified_gmt":"2026-04-01T14:10:48","slug":"contentieux-arbitrage","status":"publish","type":"page","link":"https:\/\/simonassocies.com\/en\/domaines-dexpertise\/contentieux-arbitrage\/","title":{"rendered":"Litigation &#038; Arbitration"},"content":{"rendered":"<div class=\"wpb-content-wrapper\"><p>[vc_row el_id=&#8221;content-sub-page&#8221; el_class=&#8221;page-simon-asso&#8221; css=&#8221;.vc_custom_1501756781042{margin-bottom: 85px !important;padding-top: 0px !important;}&#8221;][vc_column width=&#8221;3\/4&#8243;][vc_single_image image=&#8221;20479&#8243; img_size=&#8221;full&#8221; css=&#8221;.vc_custom_1564758119990{margin-bottom: 60px !important;}&#8221;][vc_custom_heading text=&#8221;Litigation &amp; Arbitration&#8221; font_container=&#8221;tag:h1|font_size:36px|text_align:left|color:%23222756|line_height:36px&#8221; google_fonts=&#8221;font_family:Lato%3A100%2C100italic%2C300%2C300italic%2Cregular%2Citalic%2C700%2C700italic%2C900%2C900italic|font_style:100%20light%20regular%3A100%3Anormal&#8221; css=&#8221;.vc_custom_1564756113013{margin-bottom: 25px !important;}&#8221;][vc_column_text css=&#8221;.vc_custom_1539003256607{margin-bottom: 0px !important;}&#8221;]<\/p>\n<h2><span class=\"icon-goutte\">\u00a0<\/span>Conduite du proc\u00e8s et strat\u00e9gie contentieuse<\/h2>\n<p>Le d\u00e9partement \u00ab\u00a0Contentieux &amp; Arbitrage\u00a0\u00bb constitue l\u2019activit\u00e9 \u00ab\u00a0historique\u00a0\u00bb de Simon Associ\u00e9s, anim\u00e9 depuis sa cr\u00e9ation par l\u2019esprit dynamique, combatif et pugnace qui doit pr\u00e9sider \u00e0 la conduite du proc\u00e8s.<\/p>\n<p>Fruit d\u2019une longue exp\u00e9rience, le d\u00e9partement \u00ab\u00a0Contentieux &amp; Arbitrage\u00a0\u00bb \u00e9volue au moyen de m\u00e9thodologies de travail sp\u00e9cifiques, destin\u00e9es \u00e0 r\u00e9pondre \u00e0 la strat\u00e9gie \u00e9tablie de mani\u00e8re concert\u00e9e avec les clients, en vue \u2013 selon les cas \u2013 de pr\u00e9venir les litiges, g\u00e9rer les risques encourus, obtenir les solutions n\u00e9goci\u00e9es les plus adapt\u00e9es, anticiper les \u00e9volutions du proc\u00e8s et en optimiser les chances de succ\u00e8s.<\/p>\n<p>Le cabinet a ainsi d\u00e9velopp\u00e9 des m\u00e9thodes sp\u00e9cifiques organis\u00e9es autour d\u2019un document synth\u00e8se dossier, d\u2019un guide du contentieux, d\u2019un guide des conclusions, et d\u2019un guide plaidoirie.<\/p>\n<h2><span class=\"icon-goutte\">\u00a0<\/span>Principaux domaines d&#8217;intervention<\/h2>\n<p>Afin d\u2019assurer \u00e0 nos clients une s\u00e9curit\u00e9 optimale, nos avocats sont \u00e0 la pointe des \u00e9volutions l\u00e9gislatives, r\u00e9glementaires et jurisprudentielles dans les domaines du droit suivants\u00a0:<\/p>\n<ul>\n<li>Contentieux commercial,<\/li>\n<li>Contentieux de la rupture des relations pr\u00e9contractuelles et contractuelles,<\/li>\n<li>Contentieux Distribution, Concurrence, Consommation,<\/li>\n<li>Contentieux post-acquisition et litiges entre actionnaires,<\/li>\n<li>Contentieux de droit des soci\u00e9t\u00e9s,<\/li>\n<li>Contentieux de l\u2019entreprise en difficult\u00e9 et du retournement,<\/li>\n<li>Contentieux Immobilier, Construction &amp; Urbanisme,<\/li>\n<li>Contentieux Social,<\/li>\n<li>Contentieux de la Sant\u00e9,<\/li>\n<li>Risques industriels,<\/li>\n<li>Responsabilit\u00e9 du fait des produits,<\/li>\n<li>Contentieux des Assurances,<\/li>\n<li>Droit p\u00e9nal des affaires,<\/li>\n<li>Compliance et Anti-corruption<\/li>\n<li>M\u00e9diation et Arbitrage<\/li>\n<li>Contentieux international.<\/li>\n<\/ul>\n<h2><span class=\"icon-goutte\">\u00a0<\/span>Efficience<\/h2>\n<p>L\u2019implication et l\u2019exp\u00e9rience du d\u00e9partement \u00ab\u00a0Contentieux &amp; Arbitrage\u00a0\u00bb lui donne un acc\u00e8s rapide et efficient \u00e0 un important r\u00e9seau de correspondants, d\u2019experts et de professeurs de droit.<\/p>\n<p>Nos \u00e9quipes interviennent devant l\u2019ensemble des juridictions \u00e9tatiques et arbitrales, comme devant les autorit\u00e9s administratives (ADLC, AMF, CSA, etc.).[\/vc_column_text]<style type=\"text\/css\" >#l_29hian319luy37qyn9zc.sc_line ,#l_29hian319luy37qyn9zc .sc_line { height:1px; background:#222756;}#l_29hian319luy37qyn9zc {margin:50px 0 50px 0; padding:0;}<\/style><div class=\"clearfix\"><\/div><div id=\"l_29hian319luy37qyn9zc\"  class=\"sc_line rd_line_normal\" ><\/div>[vc_column_text css=&#8221;.vc_custom_1564934383963{margin-bottom: 0px !important;}&#8221;]<\/p>\n<h2>Team<\/h2>\n<p>[\/vc_column_text][\/vc_column][vc_column width=&#8221;1\/4&#8243;][vc_column_text css=&#8221;.vc_custom_1564755974115{margin-bottom: 0px !important;}&#8221;]<\/p>\n<div class=\"btn-black btn-right text-right \"><a href=\"\/en\/fields-of-expertise\/\">FIELDS OF EXPERTISE<\/a><\/div>\n<p>[\/vc_column_text][\/vc_column][\/vc_row][vc_row][vc_column width=&#8221;1\/4&#8243;][vc_single_image image=&#8221;20513&#8243; img_size=&#8221;185&#215;185&#8243;][vc_column_text css=&#8221;&#8221;]<a href=\"\/en\/nayrolles-sophie\/\"><strong><span style=\"color: #000061;\">SOPHIE NAYROLLES<\/span><\/strong><\/a><br \/>\n<span style=\"color: #000061;\">PARTNER &#8211; HEAD OF MONTPELLIER OFFICE<\/span>[\/vc_column_text][\/vc_column][vc_column width=&#8221;1\/4&#8243;][vc_single_image image=&#8221;28086&#8243; img_size=&#8221;185&#215;185&#8243;][vc_column_text css=&#8221;&#8221;]<a href=\"https:\/\/simonassocies.com\/en\/equipe\/cognault-sophie-en\/\"><strong>SOPHIE COGNAULT<\/strong><\/a><br \/>\n<span style=\"color: #000061;\">PARTNER &#8211; HEAD OF TOULOUSE OFFICE<\/span>[\/vc_column_text][\/vc_column][vc_column width=&#8221;1\/4&#8243;][vc_single_image image=&#8221;10770&#8243; img_size=&#8221;185&#215;185&#8243;][vc_column_text]<a href=\"\/en\/simon-francois-luc\/\"><strong><span style=\"color: #000061;\">FRANCOIS-LUC SIMON<\/span><\/strong><\/a><br \/>\n<span style=\"color: #000061;\">MANAGING PARTNER<\/span>[\/vc_column_text][\/vc_column][vc_column width=&#8221;1\/4&#8243;][vc_single_image image=&#8221;10747&#8243; img_size=&#8221;185&#215;185&#8243;][vc_column_text]<a href=\"\/en\/simon-jean-charles\/\"><strong><span style=\"color: #000061;\">JEAN-CHARLES SIMON<\/span><\/strong><\/a><br \/>\n<span style=\"color: #000061;\">MANAGING PARTNER<\/span>[\/vc_column_text][\/vc_column][\/vc_row][vc_row][vc_column width=&#8221;1\/4&#8243;][vc_single_image image=&#8221;31091&#8243; img_size=&#8221;185&#215;185&#8243;][vc_column_text]<a href=\"\/en\/richard-sandrine\/\"><strong><span style=\"color: #000061;\">SANDRINE RICHARD<\/span><\/strong><\/a><br \/>\n<span style=\"color: #000061;\">PARTNER<\/span>[\/vc_column_text][\/vc_column][vc_column width=&#8221;1\/4&#8243;][vc_single_image image=&#8221;10573&#8243; img_size=&#8221;185&#215;185&#8243;][vc_column_text]<a href=\"\/en\/albaric-cristelle\/\"><strong><span style=\"color: #000061;\">CRISTELLE ALBARIC<\/span><\/strong><\/a><br \/>\n<span style=\"color: #000061;\">PARTNER<\/span>[\/vc_column_text][\/vc_column][vc_column width=&#8221;1\/4&#8243;][vc_single_image image=&#8221;25936&#8243; img_size=&#8221;185&#215;185&#8243;][vc_column_text]<a href=\"https:\/\/www.simonassocies.com\/en\/equipe\/anahory-michele\/\"><strong><span style=\"color: #000061;\">MICHELE ANAHORY<\/span><\/strong><\/a><br \/>\n<span style=\"color: #000061;\">PARTNER<\/span>[\/vc_column_text][\/vc_column][vc_column width=&#8221;1\/4&#8243;][vc_single_image image=&#8221;19828&#8243; img_size=&#8221;185&#215;185&#8243;][vc_column_text]<a href=\"\/en\/billon-nicolas\/\"><strong><span style=\"color: #000061;\">NICOLAS BILLON<\/span><\/strong><\/a><br \/>\n<span style=\"color: #000061;\">PARTNER<\/span>[\/vc_column_text][\/vc_column][\/vc_row][vc_row][vc_column width=&#8221;1\/4&#8243;][vc_single_image image=&#8221;16735&#8243; img_size=&#8221;185&#215;185&#8243;][vc_column_text]<a href=\"\/en\/degroote-fabrice\/\"><strong><span style=\"color: #000061;\">FABRICE DEGROOTE<\/span><\/strong><\/a><br \/>\n<span style=\"color: #000061;\">PARTNER<\/span>[\/vc_column_text][\/vc_column][vc_column width=&#8221;1\/4&#8243;][vc_single_image image=&#8221;10751&#8243; img_size=&#8221;185&#215;185&#8243;][vc_column_text]<a href=\"\/en\/demaison-jack\/\"><strong><span style=\"color: #000061;\">JACK DEMAISON<\/span><\/strong><\/a><br \/>\n<span style=\"color: #000061;\">PARTNER<\/span>[\/vc_column_text][\/vc_column][vc_column width=&#8221;1\/4&#8243;][vc_single_image image=&#8221;10762&#8243; img_size=&#8221;185&#215;185&#8243;][vc_column_text]<a href=\"\/en\/raimbert-benoit\/\"><strong><span style=\"color: #000061;\">BENOIT RAIMBERT<\/span><\/strong><\/a><br \/>\n<span style=\"color: #000061;\">PARTNER<\/span>[\/vc_column_text][\/vc_column][vc_column width=&#8221;1\/4&#8243;][vc_single_image image=&#8221;25356&#8243; img_size=&#8221;185&#215;185&#8243;][vc_column_text]<a href=\"\/en\/robert-vedie-isabelle\/\"><strong><span style=\"color: #000061;\">ISABELLE ROBERT-V\u00c9DIE<\/span><\/strong><\/a><br \/>\n<span style=\"color: #000061;\">PARTNER<\/span>[\/vc_column_text][\/vc_column][\/vc_row][vc_row][vc_column width=&#8221;1\/4&#8243;][vc_single_image image=&#8221;20510&#8243; img_size=&#8221;185&#215;185&#8243;][vc_column_text css=&#8221;&#8221;]<a href=\"https:\/\/simonassocies.com\/en\/equipe\/barruet-sophie\/\"><strong>SOPHIE BARRUET<\/strong><\/a><br \/>\nCOUNSEL[\/vc_column_text][\/vc_column][vc_column width=&#8221;1\/4&#8243;][vc_single_image image=&#8221;32057&#8243; img_size=&#8221;185&#215;185&#8243;][vc_column_text css=&#8221;&#8221;]<strong><a href=\"https:\/\/simonassocies.com\/en\/equipe\/buirette-marine\/\">MARINE BUIRETTE<\/a><\/strong><br \/>\nASSOCIATE[\/vc_column_text][\/vc_column][vc_column width=&#8221;1\/4&#8243;][vc_single_image image=&#8221;20509&#8243; img_size=&#8221;185&#215;185&#8243;][vc_column_text css=&#8221;&#8221;]<a href=\"https:\/\/simonassocies.com\/en\/equipe\/lachenal-clarisse\/\"><b>CLARISSE LACHENAL<\/b><\/a><br \/>\nASSOCIATE[\/vc_column_text][\/vc_column][vc_column width=&#8221;1\/4&#8243;][vc_single_image image=&#8221;36882&#8243; img_size=&#8221;185&#215;185&#8243; css=&#8221;&#8221;][vc_column_text css=&#8221;&#8221;]<a href=\"https:\/\/simonassocies.com\/en\/equipe\/paolpi-mallaury\/\"><b>MALLAURY PAOLPI<\/b><\/a><br \/>\nASSOCIATE[\/vc_column_text][\/vc_column][\/vc_row][vc_row][vc_column width=&#8221;1\/4&#8243;][vc_single_image image=&#8221;36177&#8243; img_size=&#8221;185&#215;185&#8243; css=&#8221;&#8221;][vc_column_text css=&#8221;&#8221;]<a href=\"https:\/\/simonassocies.com\/en\/equipe\/suspene-arthur\/\"><b>ARTHUR SUSPENE<\/b><\/a><br \/>\nASSOCIATE[\/vc_column_text][\/vc_column][vc_column width=&#8221;1\/4&#8243;][\/vc_column][vc_column width=&#8221;1\/4&#8243;][\/vc_column][vc_column width=&#8221;1\/4&#8243;][\/vc_column][vc_column][\/vc_column][\/vc_row][vc_row][vc_column width=&#8221;1\/4&#8243;][vc_column_text css=&#8221;.vc_custom_1591865327886{margin-bottom: 35px !important;padding-top: 35px !important;}&#8221;]<\/p>\n<div class=\"btn-black text-right\"><a href=\"\/en\/domaines-dexpertise\/\">back to the list of areas of expertise<\/a><\/div>\n<p>[\/vc_column_text][\/vc_column][vc_column width=&#8221;1\/4&#8243;][\/vc_column][vc_column width=&#8221;1\/4&#8243;][\/vc_column][vc_column width=&#8221;1\/4&#8243;][\/vc_column][\/vc_row][vc_row][vc_column][vc_empty_space][\/vc_column][\/vc_row]<\/p>\n<\/div>","protected":false},"excerpt":{"rendered":"<p>The \u201cLitigation &#038; Arbitration\u201d department constitutes the \u201chistoric\u201d activity of Simon Associ\u00e9s, driven since its creation by the dynamic, combative and pugnacious spirit which must preside over the conduct of the trial &#8230;<\/p>\n","protected":false},"author":5,"featured_media":20916,"parent":17260,"menu_order":0,"comment_status":"closed","ping_status":"closed","template":"","meta":{"footnotes":""},"class_list":["post-19178","page","type-page","status-publish","has-post-thumbnail","hentry"],"yoast_head":"<!-- This site is optimized with the Yoast SEO plugin v27.1.1 - https:\/\/yoast.com\/product\/yoast-seo-wordpress\/ -->\n<title>Litigation &amp; Arbitration - Cabinet d&#039;avocats d&#039;Affaires Simon Associ\u00e9s<\/title>\n<meta name=\"robots\" content=\"index, follow, max-snippet:-1, max-image-preview:large, max-video-preview:-1\" \/>\n<link rel=\"canonical\" href=\"https:\/\/simonassocies.com\/en\/domaines-dexpertise\/contentieux-arbitrage\/\" \/>\n<meta property=\"og:locale\" content=\"en_US\" \/>\n<meta property=\"og:type\" content=\"article\" \/>\n<meta property=\"og:title\" content=\"Litigation &amp; Arbitration - Cabinet d&#039;avocats d&#039;Affaires Simon Associ\u00e9s\" \/>\n<meta property=\"og:description\" content=\"The \u201cLitigation &amp; Arbitration\u201d department constitutes the \u201chistoric\u201d activity of Simon Associ\u00e9s, driven since its creation by the dynamic, combative and pugnacious spirit which must preside over the conduct of the trial ...\" \/>\n<meta property=\"og:url\" content=\"https:\/\/simonassocies.com\/en\/domaines-dexpertise\/contentieux-arbitrage\/\" \/>\n<meta property=\"og:site_name\" content=\"Cabinet d&#039;avocats d&#039;Affaires Simon Associ\u00e9s\" \/>\n<meta property=\"article:modified_time\" content=\"2026-04-01T14:10:48+00:00\" \/>\n<meta property=\"og:image\" content=\"https:\/\/simonassocies.com\/wp-content\/uploads\/2019\/06\/simon-associes-contentieux-arbitrage.jpg\" \/>\n\t<meta property=\"og:image:width\" content=\"350\" \/>\n\t<meta property=\"og:image:height\" content=\"350\" \/>\n\t<meta property=\"og:image:type\" content=\"image\/jpeg\" \/>\n<meta name=\"twitter:card\" content=\"summary_large_image\" \/>\n<meta name=\"twitter:label1\" content=\"Est. reading time\" \/>\n\t<meta name=\"twitter:data1\" content=\"7 minutes\" \/>\n<script type=\"application\/ld+json\" class=\"yoast-schema-graph\">{\"@context\":\"https:\/\/schema.org\",\"@graph\":[{\"@type\":\"WebPage\",\"@id\":\"https:\/\/simonassocies.com\/en\/domaines-dexpertise\/contentieux-arbitrage\/\",\"url\":\"https:\/\/simonassocies.com\/en\/domaines-dexpertise\/contentieux-arbitrage\/\",\"name\":\"Litigation & Arbitration - Cabinet d&#039;avocats d&#039;Affaires Simon Associ\u00e9s\",\"isPartOf\":{\"@id\":\"https:\/\/simonassocies.com\/#website\"},\"primaryImageOfPage\":{\"@id\":\"https:\/\/simonassocies.com\/en\/domaines-dexpertise\/contentieux-arbitrage\/#primaryimage\"},\"image\":{\"@id\":\"https:\/\/simonassocies.com\/en\/domaines-dexpertise\/contentieux-arbitrage\/#primaryimage\"},\"thumbnailUrl\":\"https:\/\/simonassocies.com\/wp-content\/uploads\/2019\/06\/simon-associes-contentieux-arbitrage.jpg\",\"datePublished\":\"2019-04-25T12:56:56+00:00\",\"dateModified\":\"2026-04-01T14:10:48+00:00\",\"breadcrumb\":{\"@id\":\"https:\/\/simonassocies.com\/en\/domaines-dexpertise\/contentieux-arbitrage\/#breadcrumb\"},\"inLanguage\":\"en-US\",\"potentialAction\":[{\"@type\":\"ReadAction\",\"target\":[\"https:\/\/simonassocies.com\/en\/domaines-dexpertise\/contentieux-arbitrage\/\"]}]},{\"@type\":\"ImageObject\",\"inLanguage\":\"en-US\",\"@id\":\"https:\/\/simonassocies.com\/en\/domaines-dexpertise\/contentieux-arbitrage\/#primaryimage\",\"url\":\"https:\/\/simonassocies.com\/wp-content\/uploads\/2019\/06\/simon-associes-contentieux-arbitrage.jpg\",\"contentUrl\":\"https:\/\/simonassocies.com\/wp-content\/uploads\/2019\/06\/simon-associes-contentieux-arbitrage.jpg\",\"width\":350,\"height\":350},{\"@type\":\"BreadcrumbList\",\"@id\":\"https:\/\/simonassocies.com\/en\/domaines-dexpertise\/contentieux-arbitrage\/#breadcrumb\",\"itemListElement\":[{\"@type\":\"ListItem\",\"position\":1,\"name\":\"Accueil\",\"item\":\"https:\/\/simonassocies.com\/en\/\"},{\"@type\":\"ListItem\",\"position\":2,\"name\":\"Areas of expertise\",\"item\":\"https:\/\/simonassocies.com\/en\/domaines-dexpertise\/\"},{\"@type\":\"ListItem\",\"position\":3,\"name\":\"Litigation &#038; Arbitration\"}]},{\"@type\":\"WebSite\",\"@id\":\"https:\/\/simonassocies.com\/#website\",\"url\":\"https:\/\/simonassocies.com\/\",\"name\":\"Cabinet d&#039;avocats d&#039;Affaires Simon Associ\u00e9s\",\"description\":\"Le droit d&#039;entreprendre\",\"potentialAction\":[{\"@type\":\"SearchAction\",\"target\":{\"@type\":\"EntryPoint\",\"urlTemplate\":\"https:\/\/simonassocies.com\/?s={search_term_string}\"},\"query-input\":{\"@type\":\"PropertyValueSpecification\",\"valueRequired\":true,\"valueName\":\"search_term_string\"}}],\"inLanguage\":\"en-US\"}]}<\/script>\n<!-- \/ Yoast SEO plugin. -->","yoast_head_json":{"title":"Litigation & Arbitration - Cabinet d&#039;avocats d&#039;Affaires Simon Associ\u00e9s","robots":{"index":"index","follow":"follow","max-snippet":"max-snippet:-1","max-image-preview":"max-image-preview:large","max-video-preview":"max-video-preview:-1"},"canonical":"https:\/\/simonassocies.com\/en\/domaines-dexpertise\/contentieux-arbitrage\/","og_locale":"en_US","og_type":"article","og_title":"Litigation & Arbitration - Cabinet d&#039;avocats d&#039;Affaires Simon Associ\u00e9s","og_description":"The \u201cLitigation & Arbitration\u201d department constitutes the \u201chistoric\u201d activity of Simon Associ\u00e9s, driven since its creation by the dynamic, combative and pugnacious spirit which must preside over the conduct of the trial ...","og_url":"https:\/\/simonassocies.com\/en\/domaines-dexpertise\/contentieux-arbitrage\/","og_site_name":"Cabinet d&#039;avocats d&#039;Affaires Simon Associ\u00e9s","article_modified_time":"2026-04-01T14:10:48+00:00","og_image":[{"width":350,"height":350,"url":"https:\/\/simonassocies.com\/wp-content\/uploads\/2019\/06\/simon-associes-contentieux-arbitrage.jpg","type":"image\/jpeg"}],"twitter_card":"summary_large_image","twitter_misc":{"Est. reading time":"7 minutes"},"schema":{"@context":"https:\/\/schema.org","@graph":[{"@type":"WebPage","@id":"https:\/\/simonassocies.com\/en\/domaines-dexpertise\/contentieux-arbitrage\/","url":"https:\/\/simonassocies.com\/en\/domaines-dexpertise\/contentieux-arbitrage\/","name":"Litigation & Arbitration - Cabinet d&#039;avocats d&#039;Affaires Simon Associ\u00e9s","isPartOf":{"@id":"https:\/\/simonassocies.com\/#website"},"primaryImageOfPage":{"@id":"https:\/\/simonassocies.com\/en\/domaines-dexpertise\/contentieux-arbitrage\/#primaryimage"},"image":{"@id":"https:\/\/simonassocies.com\/en\/domaines-dexpertise\/contentieux-arbitrage\/#primaryimage"},"thumbnailUrl":"https:\/\/simonassocies.com\/wp-content\/uploads\/2019\/06\/simon-associes-contentieux-arbitrage.jpg","datePublished":"2019-04-25T12:56:56+00:00","dateModified":"2026-04-01T14:10:48+00:00","breadcrumb":{"@id":"https:\/\/simonassocies.com\/en\/domaines-dexpertise\/contentieux-arbitrage\/#breadcrumb"},"inLanguage":"en-US","potentialAction":[{"@type":"ReadAction","target":["https:\/\/simonassocies.com\/en\/domaines-dexpertise\/contentieux-arbitrage\/"]}]},{"@type":"ImageObject","inLanguage":"en-US","@id":"https:\/\/simonassocies.com\/en\/domaines-dexpertise\/contentieux-arbitrage\/#primaryimage","url":"https:\/\/simonassocies.com\/wp-content\/uploads\/2019\/06\/simon-associes-contentieux-arbitrage.jpg","contentUrl":"https:\/\/simonassocies.com\/wp-content\/uploads\/2019\/06\/simon-associes-contentieux-arbitrage.jpg","width":350,"height":350},{"@type":"BreadcrumbList","@id":"https:\/\/simonassocies.com\/en\/domaines-dexpertise\/contentieux-arbitrage\/#breadcrumb","itemListElement":[{"@type":"ListItem","position":1,"name":"Accueil","item":"https:\/\/simonassocies.com\/en\/"},{"@type":"ListItem","position":2,"name":"Areas of expertise","item":"https:\/\/simonassocies.com\/en\/domaines-dexpertise\/"},{"@type":"ListItem","position":3,"name":"Litigation &#038; Arbitration"}]},{"@type":"WebSite","@id":"https:\/\/simonassocies.com\/#website","url":"https:\/\/simonassocies.com\/","name":"Cabinet d&#039;avocats d&#039;Affaires Simon Associ\u00e9s","description":"Le droit d&#039;entreprendre","potentialAction":[{"@type":"SearchAction","target":{"@type":"EntryPoint","urlTemplate":"https:\/\/simonassocies.com\/?s={search_term_string}"},"query-input":{"@type":"PropertyValueSpecification","valueRequired":true,"valueName":"search_term_string"}}],"inLanguage":"en-US"}]}},"_links":{"self":[{"href":"https:\/\/simonassocies.com\/en\/wp-json\/wp\/v2\/pages\/19178","targetHints":{"allow":["GET"]}}],"collection":[{"href":"https:\/\/simonassocies.com\/en\/wp-json\/wp\/v2\/pages"}],"about":[{"href":"https:\/\/simonassocies.com\/en\/wp-json\/wp\/v2\/types\/page"}],"author":[{"embeddable":true,"href":"https:\/\/simonassocies.com\/en\/wp-json\/wp\/v2\/users\/5"}],"replies":[{"embeddable":true,"href":"https:\/\/simonassocies.com\/en\/wp-json\/wp\/v2\/comments?post=19178"}],"version-history":[{"count":45,"href":"https:\/\/simonassocies.com\/en\/wp-json\/wp\/v2\/pages\/19178\/revisions"}],"predecessor-version":[{"id":37483,"href":"https:\/\/simonassocies.com\/en\/wp-json\/wp\/v2\/pages\/19178\/revisions\/37483"}],"up":[{"embeddable":true,"href":"https:\/\/simonassocies.com\/en\/wp-json\/wp\/v2\/pages\/17260"}],"wp:featuredmedia":[{"embeddable":true,"href":"https:\/\/simonassocies.com\/en\/wp-json\/wp\/v2\/media\/20916"}],"wp:attachment":[{"href":"https:\/\/simonassocies.com\/en\/wp-json\/wp\/v2\/media?parent=19178"}],"curies":[{"name":"wp","href":"https:\/\/api.w.org\/{rel}","templated":true}]}}