{"id":17534,"date":"2018-11-14T16:35:47","date_gmt":"2018-11-14T15:35:47","guid":{"rendered":"https:\/\/www.simonassocies.com\/en\/?page_id=17534"},"modified":"2019-06-19T03:13:50","modified_gmt":"2019-06-19T02:13:50","slug":"join-the-team","status":"publish","type":"page","link":"https:\/\/simonassocies.com\/en\/join-the-team\/","title":{"rendered":"Join the team"},"content":{"rendered":"<div class=\"wpb-content-wrapper\"><p>[vc_row css=&#8221;.vc_custom_1498724440604{padding-top: 0px !important;}&#8221;][vc_column width=&#8221;2\/3&#8243;][vc_single_image image=&#8221;8219&#8243; img_size=&#8221;full&#8221; alignment=&#8221;center&#8221; onclick=&#8221;zoom&#8221;][vc_custom_heading source=&#8221;post_title&#8221; font_container=&#8221;tag:h1|font_size:36px|text_align:left|color:%23222756|line_height:36px&#8221; google_fonts=&#8221;font_family:Lato%3A100%2C100italic%2C300%2C300italic%2Cregular%2Citalic%2C700%2C700italic%2C900%2C900italic|font_style:300%20light%20regular%3A300%3Anormal&#8221;][vc_column_text]Notre r\u00e9ussite en tant que cabinet d\u2019avocats ne d\u00e9pend pas uniquement de notre expertise et de nos profondes connaissances en mati\u00e8re de droit, mais aussi et peut-\u00eatre surtout de notre facult\u00e9 de nous adapter \u00e0 nos clients : nous tentons de comprendre leur fa\u00e7on de fonctionner, leurs attentes, leurs craintes et la culture de leur entreprise.<\/p>\n<p>Nous sommes sans cesse \u00e0 la recherche de candidats qui, comme nous, ont une v\u00e9ritable passion pour l\u2019excellence. Notre politique de recrutement est fond\u00e9e sur des valeurs telles que la motivation, l\u2019excellence, l\u2019engagement, l\u2019initiative et l\u2019esprit d\u2019\u00e9quipe.<\/p>\n<p>Int\u00e9grer Simon Associ\u00e9s, c\u2019est rejoindre un cabinet pluridisciplinaire exigeant reconnu pour son expertise technique et son excellence.[\/vc_column_text][\/vc_column][vc_column width=&#8221;1\/3&#8243;][vc_column_text]<\/p>\n<div class=\"btn-black btn-right text-right \"><a href=\"https:\/\/www.simonassocies.com\/en\/the-partners\/\">The team<\/a><\/div>\n<div class=\"btn-black btn-right text-right \"><a href=\"https:\/\/www.simonassocies.com\/en\/simon-associes\/about-us\/\">The office<\/a><\/div>\n<p>[\/vc_column_text][\/vc_column][\/vc_row][vc_row type=&#8221;full-width-content&#8221; css=&#8221;.vc_custom_1498724497879{margin-bottom: 100px !important;}&#8221;][vc_column][vc_empty_space][\/vc_column][\/vc_row][vc_row css=&#8221;.vc_custom_1498724692900{margin-bottom: 75px !important;}&#8221;][vc_column width=&#8221;3\/4&#8243;][vc_column_text]\n<div class=\"wpcf7 no-js\" id=\"wpcf7-f17536-o1\" lang=\"en-US\" dir=\"ltr\" data-wpcf7-id=\"17536\">\n<div class=\"screen-reader-response\"><p role=\"status\" aria-live=\"polite\" aria-atomic=\"true\"><\/p> <ul><\/ul><\/div>\n<form action=\"\/en\/wp-json\/wp\/v2\/pages\/17534#wpcf7-f17536-o1\" method=\"post\" class=\"wpcf7-form init\" aria-label=\"Contact form\" enctype=\"multipart\/form-data\" novalidate=\"novalidate\" data-status=\"init\">\n<fieldset class=\"hidden-fields-container\"><input type=\"hidden\" name=\"_wpcf7\" value=\"17536\" \/><input type=\"hidden\" name=\"_wpcf7_version\" value=\"6.1.5\" \/><input type=\"hidden\" name=\"_wpcf7_locale\" value=\"en_US\" \/><input type=\"hidden\" name=\"_wpcf7_unit_tag\" value=\"wpcf7-f17536-o1\" \/><input type=\"hidden\" name=\"_wpcf7_container_post\" value=\"0\" \/><input type=\"hidden\" name=\"_wpcf7_posted_data_hash\" value=\"\" \/><input type=\"hidden\" name=\"_wpcf7_recaptcha_response\" value=\"\" \/>\n<\/fieldset>\n<div class=\"field\">\n\t<p class=\"label\">Gender: <span>*<\/span>\n\t<\/p>\n\t<p><span class=\"wpcf7-form-control-wrap\" data-name=\"gender\"><select class=\"wpcf7-form-control wpcf7-select wpcf7-validates-as-required\" aria-required=\"true\" aria-invalid=\"false\" name=\"gender\"><option value=\"Mrs\">Mrs<\/option><option value=\"Mr\">Mr<\/option><\/select><\/span>\n\t<\/p>\n<\/div>\n<div class=\"field\">\n\t<p class=\"label\">First name <span>*<\/span>\n\t<\/p>\n\t<p><span class=\"wpcf7-form-control-wrap\" data-name=\"first\"><input size=\"40\" maxlength=\"400\" class=\"wpcf7-form-control wpcf7-text wpcf7-validates-as-required\" aria-required=\"true\" aria-invalid=\"false\" value=\"\" type=\"text\" name=\"first\" \/><\/span>\n\t<\/p>\n<\/div>\n<div class=\"field\">\n\t<p class=\"label\">Last name <span>*<\/span>\n\t<\/p>\n\t<p><span class=\"wpcf7-form-control-wrap\" data-name=\"last\"><input size=\"40\" maxlength=\"400\" class=\"wpcf7-form-control wpcf7-text wpcf7-validates-as-required\" aria-required=\"true\" aria-invalid=\"false\" value=\"\" type=\"text\" name=\"last\" \/><\/span>\n\t<\/p>\n<\/div>\n<div class=\"field\">\n\t<p class=\"label\">E-mail <span>*<\/span>\n\t<\/p>\n\t<p><span class=\"wpcf7-form-control-wrap\" data-name=\"your-email\"><input size=\"40\" maxlength=\"400\" class=\"wpcf7-form-control wpcf7-email wpcf7-validates-as-required wpcf7-text wpcf7-validates-as-email\" aria-required=\"true\" aria-invalid=\"false\" value=\"\" type=\"email\" name=\"your-email\" \/><\/span>\n\t<\/p>\n<\/div>\n<div class=\"field\">\n\t<p class=\"label\">Phone number <span>*<\/span>\n\t<\/p>\n\t<p><span class=\"wpcf7-form-control-wrap\" data-name=\"telephone\"><input size=\"40\" maxlength=\"400\" class=\"wpcf7-form-control wpcf7-tel wpcf7-validates-as-required wpcf7-text wpcf7-validates-as-tel\" id=\"telephone-format\" aria-required=\"true\" aria-invalid=\"false\" value=\"\" type=\"tel\" name=\"telephone\" \/><\/span>\n\t<\/p>\n<\/div>\n<div class=\"left_field field file\">\n\t<div class=\"label\">\n\t\t<p>JOIN A CV <span>*<\/span>\n\t\t<\/p>\n\t<\/div>\n\t<div class=\"divFile\">\n\t\t<div class=\"file-container\">\n\t\t\t<p><span class=\"icon-download\"><\/span><span class=\"wpcf7-form-control-wrap\" data-name=\"file-cv\"><input size=\"40\" class=\"wpcf7-form-control wpcf7-file wpcf7-validates-as-required input-file\" accept=\".pdf\" aria-required=\"true\" aria-invalid=\"false\" type=\"file\" name=\"file-cv\" \/><\/span>\n\t\t\t<\/p>\n\t\t<\/div>\n\t\t<p><span class=\"wpcf7-form-control-wrap\" data-name=\"text-file-cv\"><input size=\"40\" maxlength=\"400\" class=\"wpcf7-form-control wpcf7-text input-text-file\" aria-invalid=\"false\" value=\"\" type=\"text\" name=\"text-file-cv\" \/><\/span>\n\t\t<\/p>\n\t<\/div>\n<\/div>\n<div class=\"right_field field file\">\n\t<div class=\"label\">\n\t\t<p>JOIN AN APPLICATION <span>*<\/span>\n\t\t<\/p>\n\t<\/div>\n\t<div class=\"divFile\">\n\t\t<div class=\"file-container\">\n\t\t\t<p><span class=\"icon-download\"><\/span><span class=\"wpcf7-form-control-wrap\" data-name=\"file-letter\"><input size=\"40\" class=\"wpcf7-form-control wpcf7-file wpcf7-validates-as-required input-file\" accept=\".pdf\" aria-required=\"true\" aria-invalid=\"false\" type=\"file\" name=\"file-letter\" \/><\/span>\n\t\t\t<\/p>\n\t\t<\/div>\n\t\t<p><span class=\"wpcf7-form-control-wrap\" data-name=\"text-file-letter\"><input size=\"40\" maxlength=\"400\" class=\"wpcf7-form-control wpcf7-text input-text-file\" aria-invalid=\"false\" value=\"\" type=\"text\" name=\"text-file-letter\" \/><\/span>\n\t\t<\/p>\n\t<\/div>\n<\/div>\n<div class=\"message_field\">\n\t<div class=\"field\">\n\t\t<p class=\"label\">Message <span>*<\/span>\n\t\t<\/p>\n\t\t<p><span class=\"wpcf7-form-control-wrap\" data-name=\"message\"><textarea cols=\"40\" rows=\"10\" maxlength=\"2000\" class=\"wpcf7-form-control wpcf7-textarea wpcf7-validates-as-required\" aria-required=\"true\" aria-invalid=\"false\" name=\"message\"><\/textarea><\/span>\n\t\t<\/p>\n\t<\/div>\n\t<p class=\"text-right\">* Champs obligatoires\n\t<\/p>\n\t<p><input class=\"wpcf7-form-control wpcf7-submit has-spinner\" type=\"submit\" value=\"Apply\" \/>\n\t<\/p>\n<\/div><div class=\"wpcf7-response-output\" aria-hidden=\"true\"><\/div>\n<\/form>\n<\/div>\n[\/vc_column_text][\/vc_column][vc_column width=&#8221;1\/4&#8243;][\/vc_column][\/vc_row][vc_row][vc_column][vc_empty_space][\/vc_column][\/vc_row]<\/p>\n<\/div>","protected":false},"excerpt":{"rendered":"<p>[vc_row css=&#8221;.vc_custom_1498724440604{padding-top: 0px !important;}&#8221;][vc_column width=&#8221;2\/3&#8243;][vc_single_image image=&#8221;8219&#8243; img_size=&#8221;full&#8221; alignment=&#8221;center&#8221; onclick=&#8221;zoom&#8221;][vc_custom_heading source=&#8221;post_title&#8221; font_container=&#8221;tag:h1|font_size:36px|text_align:left|color:%23222756|line_height:36px&#8221; google_fonts=&#8221;font_family:Lato%3A100%2C100italic%2C300%2C300italic%2Cregular%2Citalic%2C700%2C700italic%2C900%2C900italic|font_style:300%20light%20regular%3A300%3Anormal&#8221;][vc_column_text]Notre r\u00e9ussite en tant que cabinet d\u2019avocats ne d\u00e9pend pas uniquement de notre expertise et de nos profondes connaissances en mati\u00e8re de droit, mais aussi et peut-\u00eatre surtout de notre facult\u00e9 de nous adapter \u00e0 nos clients : nous tentons de comprendre leur fa\u00e7on<br \/><a href=\"https:\/\/simonassocies.com\/en\/join-the-team\/\" class=\"more\">Read more<\/a><\/p>\n","protected":false},"author":6,"featured_media":0,"parent":0,"menu_order":0,"comment_status":"closed","ping_status":"closed","template":"","meta":{"footnotes":""},"class_list":["post-17534","page","type-page","status-publish","hentry"],"yoast_head":"<!-- This site is optimized with the Yoast SEO plugin v27.1.1 - https:\/\/yoast.com\/product\/yoast-seo-wordpress\/ -->\n<title>Join the team - Cabinet d&#039;avocats d&#039;Affaires Simon Associ\u00e9s<\/title>\n<meta name=\"robots\" content=\"index, follow, max-snippet:-1, max-image-preview:large, max-video-preview:-1\" \/>\n<link rel=\"canonical\" href=\"https:\/\/simonassocies.com\/en\/join-the-team\/\" \/>\n<meta property=\"og:locale\" content=\"en_US\" \/>\n<meta property=\"og:type\" content=\"article\" \/>\n<meta property=\"og:title\" content=\"Join the team - Cabinet d&#039;avocats d&#039;Affaires Simon Associ\u00e9s\" \/>\n<meta property=\"og:description\" content=\"[vc_row css=&#8221;.vc_custom_1498724440604{padding-top: 0px !important;}&#8221;][vc_column width=&#8221;2\/3&#8243;][vc_single_image image=&#8221;8219&#8243; img_size=&#8221;full&#8221; alignment=&#8221;center&#8221; onclick=&#8221;zoom&#8221;][vc_custom_heading source=&#8221;post_title&#8221; font_container=&#8221;tag:h1|font_size:36px|text_align:left|color:%23222756|line_height:36px&#8221; google_fonts=&#8221;font_family:Lato%3A100%2C100italic%2C300%2C300italic%2Cregular%2Citalic%2C700%2C700italic%2C900%2C900italic|font_style:300%20light%20regular%3A300%3Anormal&#8221;][vc_column_text]Notre r\u00e9ussite en tant que cabinet d\u2019avocats ne d\u00e9pend pas uniquement de notre expertise et de nos profondes connaissances en mati\u00e8re de droit, mais aussi et peut-\u00eatre surtout de notre facult\u00e9 de nous adapter \u00e0 nos clients : nous tentons de comprendre leur fa\u00e7onRead more\" \/>\n<meta property=\"og:url\" content=\"https:\/\/simonassocies.com\/en\/join-the-team\/\" \/>\n<meta property=\"og:site_name\" content=\"Cabinet d&#039;avocats d&#039;Affaires Simon Associ\u00e9s\" \/>\n<meta property=\"article:modified_time\" content=\"2019-06-19T02:13:50+00:00\" \/>\n<meta name=\"twitter:card\" content=\"summary_large_image\" \/>\n<meta name=\"twitter:label1\" content=\"Est. reading time\" \/>\n\t<meta name=\"twitter:data1\" content=\"1 minute\" \/>\n<script type=\"application\/ld+json\" class=\"yoast-schema-graph\">{\"@context\":\"https:\/\/schema.org\",\"@graph\":[{\"@type\":\"WebPage\",\"@id\":\"https:\/\/simonassocies.com\/en\/join-the-team\/\",\"url\":\"https:\/\/simonassocies.com\/en\/join-the-team\/\",\"name\":\"Join the team - Cabinet d&#039;avocats d&#039;Affaires Simon Associ\u00e9s\",\"isPartOf\":{\"@id\":\"https:\/\/simonassocies.com\/#website\"},\"datePublished\":\"2018-11-14T15:35:47+00:00\",\"dateModified\":\"2019-06-19T02:13:50+00:00\",\"breadcrumb\":{\"@id\":\"https:\/\/simonassocies.com\/en\/join-the-team\/#breadcrumb\"},\"inLanguage\":\"en-US\",\"potentialAction\":[{\"@type\":\"ReadAction\",\"target\":[\"https:\/\/simonassocies.com\/en\/join-the-team\/\"]}]},{\"@type\":\"BreadcrumbList\",\"@id\":\"https:\/\/simonassocies.com\/en\/join-the-team\/#breadcrumb\",\"itemListElement\":[{\"@type\":\"ListItem\",\"position\":1,\"name\":\"Accueil\",\"item\":\"https:\/\/simonassocies.com\/en\/\"},{\"@type\":\"ListItem\",\"position\":2,\"name\":\"Join the team\"}]},{\"@type\":\"WebSite\",\"@id\":\"https:\/\/simonassocies.com\/#website\",\"url\":\"https:\/\/simonassocies.com\/\",\"name\":\"Cabinet d&#039;avocats d&#039;Affaires Simon Associ\u00e9s\",\"description\":\"Le droit d&#039;entreprendre\",\"potentialAction\":[{\"@type\":\"SearchAction\",\"target\":{\"@type\":\"EntryPoint\",\"urlTemplate\":\"https:\/\/simonassocies.com\/?s={search_term_string}\"},\"query-input\":{\"@type\":\"PropertyValueSpecification\",\"valueRequired\":true,\"valueName\":\"search_term_string\"}}],\"inLanguage\":\"en-US\"}]}<\/script>\n<!-- \/ Yoast SEO plugin. -->","yoast_head_json":{"title":"Join the team - Cabinet d&#039;avocats d&#039;Affaires Simon Associ\u00e9s","robots":{"index":"index","follow":"follow","max-snippet":"max-snippet:-1","max-image-preview":"max-image-preview:large","max-video-preview":"max-video-preview:-1"},"canonical":"https:\/\/simonassocies.com\/en\/join-the-team\/","og_locale":"en_US","og_type":"article","og_title":"Join the team - Cabinet d&#039;avocats d&#039;Affaires Simon Associ\u00e9s","og_description":"[vc_row css=&#8221;.vc_custom_1498724440604{padding-top: 0px !important;}&#8221;][vc_column width=&#8221;2\/3&#8243;][vc_single_image image=&#8221;8219&#8243; img_size=&#8221;full&#8221; alignment=&#8221;center&#8221; onclick=&#8221;zoom&#8221;][vc_custom_heading source=&#8221;post_title&#8221; font_container=&#8221;tag:h1|font_size:36px|text_align:left|color:%23222756|line_height:36px&#8221; google_fonts=&#8221;font_family:Lato%3A100%2C100italic%2C300%2C300italic%2Cregular%2Citalic%2C700%2C700italic%2C900%2C900italic|font_style:300%20light%20regular%3A300%3Anormal&#8221;][vc_column_text]Notre r\u00e9ussite en tant que cabinet d\u2019avocats ne d\u00e9pend pas uniquement de notre expertise et de nos profondes connaissances en mati\u00e8re de droit, mais aussi et peut-\u00eatre surtout de notre facult\u00e9 de nous adapter \u00e0 nos clients : nous tentons de comprendre leur fa\u00e7onRead more","og_url":"https:\/\/simonassocies.com\/en\/join-the-team\/","og_site_name":"Cabinet d&#039;avocats d&#039;Affaires Simon Associ\u00e9s","article_modified_time":"2019-06-19T02:13:50+00:00","twitter_card":"summary_large_image","twitter_misc":{"Est. reading time":"1 minute"},"schema":{"@context":"https:\/\/schema.org","@graph":[{"@type":"WebPage","@id":"https:\/\/simonassocies.com\/en\/join-the-team\/","url":"https:\/\/simonassocies.com\/en\/join-the-team\/","name":"Join the team - Cabinet d&#039;avocats d&#039;Affaires Simon Associ\u00e9s","isPartOf":{"@id":"https:\/\/simonassocies.com\/#website"},"datePublished":"2018-11-14T15:35:47+00:00","dateModified":"2019-06-19T02:13:50+00:00","breadcrumb":{"@id":"https:\/\/simonassocies.com\/en\/join-the-team\/#breadcrumb"},"inLanguage":"en-US","potentialAction":[{"@type":"ReadAction","target":["https:\/\/simonassocies.com\/en\/join-the-team\/"]}]},{"@type":"BreadcrumbList","@id":"https:\/\/simonassocies.com\/en\/join-the-team\/#breadcrumb","itemListElement":[{"@type":"ListItem","position":1,"name":"Accueil","item":"https:\/\/simonassocies.com\/en\/"},{"@type":"ListItem","position":2,"name":"Join the team"}]},{"@type":"WebSite","@id":"https:\/\/simonassocies.com\/#website","url":"https:\/\/simonassocies.com\/","name":"Cabinet d&#039;avocats d&#039;Affaires Simon Associ\u00e9s","description":"Le droit d&#039;entreprendre","potentialAction":[{"@type":"SearchAction","target":{"@type":"EntryPoint","urlTemplate":"https:\/\/simonassocies.com\/?s={search_term_string}"},"query-input":{"@type":"PropertyValueSpecification","valueRequired":true,"valueName":"search_term_string"}}],"inLanguage":"en-US"}]}},"_links":{"self":[{"href":"https:\/\/simonassocies.com\/en\/wp-json\/wp\/v2\/pages\/17534","targetHints":{"allow":["GET"]}}],"collection":[{"href":"https:\/\/simonassocies.com\/en\/wp-json\/wp\/v2\/pages"}],"about":[{"href":"https:\/\/simonassocies.com\/en\/wp-json\/wp\/v2\/types\/page"}],"author":[{"embeddable":true,"href":"https:\/\/simonassocies.com\/en\/wp-json\/wp\/v2\/users\/6"}],"replies":[{"embeddable":true,"href":"https:\/\/simonassocies.com\/en\/wp-json\/wp\/v2\/comments?post=17534"}],"version-history":[{"count":8,"href":"https:\/\/simonassocies.com\/en\/wp-json\/wp\/v2\/pages\/17534\/revisions"}],"predecessor-version":[{"id":20864,"href":"https:\/\/simonassocies.com\/en\/wp-json\/wp\/v2\/pages\/17534\/revisions\/20864"}],"wp:attachment":[{"href":"https:\/\/simonassocies.com\/en\/wp-json\/wp\/v2\/media?parent=17534"}],"curies":[{"name":"wp","href":"https:\/\/api.w.org\/{rel}","templated":true}]}}