{"id":17490,"date":"2018-11-14T14:45:00","date_gmt":"2018-11-14T13:45:00","guid":{"rendered":"https:\/\/www.simonassocies.com\/en\/?page_id=17490"},"modified":"2024-03-13T16:52:44","modified_gmt":"2024-03-13T14:52:44","slug":"middle-east","status":"publish","type":"page","link":"https:\/\/simonassocies.com\/en\/middle-east\/","title":{"rendered":"Middle East"},"content":{"rendered":"<div class=\"wpb-content-wrapper\"><p>[vc_row el_id=&#8221;content-sub-page&#8221; css=&#8221;.vc_custom_1502702559675{margin-bottom: 85px !important;padding-top: 0px !important;}&#8221;][vc_column width=&#8221;3\/4&#8243;][vc_custom_heading source=&#8221;post_title&#8221; font_container=&#8221;tag:h1|font_size:36px|text_align:left|color:%23004990|line_height:36px&#8221; google_fonts=&#8221;font_family:Lato%3A100%2C100italic%2C300%2C300italic%2Cregular%2Citalic%2C700%2C700italic%2C900%2C900italic|font_style:300%20light%20regular%3A300%3Anormal&#8221; css=&#8221;.vc_custom_1522926176556{margin-bottom: 45px !important;}&#8221;][vc_column_text css=&#8221;.vc_custom_1710341580172{margin-bottom: 0px !important;}&#8221;]<\/p>\n<ul>\n<li><a href=\"#bahrain\">Bahrain<\/a><\/li>\n<li><a href=\"#jordan\">Jordan<\/a><\/li>\n<li><a href=\"#kuwait\">Kuwait<\/a><\/li>\n<li><a href=\"#oman\">Oman<\/a><\/li>\n<li><a href=\"#qatar\">Qatar<\/a><\/li>\n<li><a href=\"#uae\">United Arab Emirates<\/a><\/li>\n<\/ul>\n<p>[\/vc_column_text]<style type=\"text\/css\" >#l_mzzboo052evmrr6bygmq.sc_line ,#l_mzzboo052evmrr6bygmq .sc_line { height:1px; background:#004990;}#l_mzzboo052evmrr6bygmq {margin:50px 0 50px 0; padding:0;}<\/style><div class=\"clearfix\"><\/div><div id=\"l_mzzboo052evmrr6bygmq\"  class=\"sc_line rd_line_normal\" ><\/div>[vc_column_text]<\/p>\n<h2 id=\"bahrain\">Bahrain<\/h2>\n<p>[\/vc_column_text][vc_column_text css=&#8221;.vc_custom_1569371941478{margin-bottom: 35px !important;}&#8221;]<\/p>\n<p class=\"s13\"><span class=\"s30\">The Kingdom of Bahrain is an Arabian island country located off the west coast of the Persian Gulf in the Middle East. Bahrain is made up of 33 islands, over about 760 <\/span><span class=\"s30\">sq.kms<\/span><span class=\"s30\">, with close to 1,569 million inhabitants, for a GDP of US$37,74 billion <\/span><span class=\"s31\">(<\/span><span class=\"s31\">source :<\/span><span class=\"s31\"> World Bank, 2018)<\/span><span class=\"s30\">.<\/span><\/p>\n<p class=\"s13\"><span class=\"s30\">With highly developed communication and transportation facilities, Bahrain hosts many multinationals operating in the region, primarily via the development of financial services. Bahrain has the laxest tax regulations in the Persian Gulf. The building sector, which features numerous projects, is another driving force of activity.<\/span><\/p>\n<p class=\"s13\"><span class=\"s30\">Trade between France and Bahrain is traditionally subject to wide variations, being marked by regular aeronautic orders\/deliveries from Bahraini players in the field of aviation. Imports into France consist mainly of refined petroleum and alumin<\/span><span class=\"s30\">i<\/span><span class=\"s30\">um. The development of France\u2019s economic potential remains closely linked to the participation of French players in major infrastructure projects in Bahrain <\/span><span class=\"s31\">(<\/span><span class=\"s31\">source :<\/span><span class=\"s31\"> France <\/span><span class=\"s31\">diplomatie<\/span><span class=\"s31\">, <\/span><span class=\"s31\">july<\/span><span class=\"s31\"> 2019)<\/span><span class=\"s30\">.<\/span><\/p>\n<p class=\"s13\"><span class=\"s30\">In order to meet the needs of its <\/span><span class=\"s30\">customers<\/span><span class=\"s30\"> on the Bahraini market, Simon <\/span><span class=\"s30\">Associ\u00e9s<\/span><span class=\"s30\"> has developed privileged relations with economic and legal partners locally.<\/span><\/p>\n<p>[\/vc_column_text]<style type=\"text\/css\" >#l_a1o1rr9kn201v0cuyimf.sc_line ,#l_a1o1rr9kn201v0cuyimf .sc_line { height:1px; background:#004990;}#l_a1o1rr9kn201v0cuyimf {margin:15px 0 50px 0; padding:0;}<\/style><div class=\"clearfix\"><\/div><div id=\"l_a1o1rr9kn201v0cuyimf\"  class=\"sc_line rd_line_normal\" ><\/div>[vc_column_text]<\/p>\n<h2 id=\"jordan\"><strong>Jordan<\/strong><\/h2>\n<p>[\/vc_column_text][vc_column_text css=&#8221;.vc_custom_1627397280345{margin-bottom: 0px !important;}&#8221;]Jordan is a country in Western Asia. It is surrounded by Palestine and Israel to the west, along the Jordan River and the Dead Sea, Saudi Arabia to the south, Iraq to the east and Syria to the north, with access to the Gulf of Aqaba on the Red Sea. Jordan covers 88,794 square kilometres and has a population of 10 million with a GDP of 40 billion dollars.<\/p>\n<p>Bilateral trade between France and the Hashemite Kingdom of Jordan reached 127.1 MEUR in the first half of 2018. This trade remains largely in favour of France, with a surplus of MEUR 100.6, but down by 16.6% compared to 2017. This lacklustre performance is explained in particular by the 16.7 MEUR drop in our exports (-12.8%) in 2018. Conversely, Jordanian exports to France increased (+33.6%) by MEUR 3.3.<\/p>\n<p>Although the Jordanian economy is primarily based on the tertiary and secondary sectors, the country owes its GDP primarily to industrial production (exploitation of raw resources, cement works, oil refineries). Infrastructures, however, play a major role within Jordan, due to the intersection of two major traffic routes. The booming tourism industry should not be neglected in such a study, attracting assets and business activities.<\/p>\n<p>Jordan is one of the few countries in the Middle East that is not so dependent on its natural resources due to the scarcity of hydrocarbon and water resources. Nevertheless, it is also one of the countries most committed to financial reforms in its region (privatisation, tax reforms, opening of the banking sector, etc.).<\/p>\n<p>In order to best meet the needs of its clients in the Jordanian market, Simon Associ\u00e9s has developed relationships with renowned economic and legal partners in the country.[\/vc_column_text]<style type=\"text\/css\" >#l_btucrpftot0kyagfm0h3.sc_line ,#l_btucrpftot0kyagfm0h3 .sc_line { height:1px; background:#004990;}#l_btucrpftot0kyagfm0h3 {margin:10px 0 30px 0; padding:0;}<\/style><div class=\"clearfix\"><\/div><div id=\"l_btucrpftot0kyagfm0h3\"  class=\"sc_line rd_line_normal\" ><\/div>[vc_column_text]<\/p>\n<h2 id=\"kuwait\">Kuwait<\/h2>\n<p>[\/vc_column_text][vc_column_text css=&#8221;.vc_custom_1575895765726{margin-bottom: 0px !important;}&#8221;]<span style=\"font-weight: 400;\">The state of Kuwait is located in the Middle East, <\/span><span style=\"font-weight: 400;\">on the northen side <\/span><span style=\"font-weight: 400;\">of the Arabian Peninsula,<\/span><span style=\"font-weight: 400;\">\u00a0in <\/span><span style=\"font-weight: 400;\">the Persian Gulf. Kuwait<\/span><span style=\"font-weight: 400;\">\u00a0is <\/span><span style=\"font-weight: 400;\">an area of 17,818 km\u00b2, with Saudi Arabia to the south and Iraq both north and west. The country has a population of 4.6 million people and a GDP of $141 billion at the end of 2018 <\/span><span style=\"font-weight: 400;\">(source: IMF, Ministry of Economy and Finance, 2017)<\/span><span style=\"font-weight: 400;\">.<\/span><\/p>\n<p><span style=\"font-weight: 400;\">The Kuwaiti economy is mainly based on its oil production, (the 9th largest oil producer in the world with 2.7 million barrels per day and the 7th world reserve), and on the hydrocarbon sector for which it is the 5th largest reserve in the world. The country<\/span><span style=\"font-weight: 400;\">\u00a0economic performance is also influenced by services and the real estate sector <\/span><span style=\"font-weight: 400;\">(source: Direction G\u00e9n\u00e9rale, Tr\u00e9sor, UNDP).<\/span><\/p>\n<p><span style=\"font-weight: 400;\">The main export and import market for Kuwait is Asia, <\/span><span style=\"font-weight: 400;\">with China beeing at the same time its<\/span><span style=\"font-weight: 400;\"> main <\/span><span style=\"font-weight: 400;\">customer <\/span><span style=\"font-weight: 400;\">and <\/span><span style=\"font-weight: 400;\">supplier. <\/span><span style=\"font-weight: 400;\">France also has a significant position <\/span><span style=\"font-weight: 400;\">on the Kuwaiti market<\/span><span style=\"font-weight: 400;\">, in particular in aeronautics, through the sale<\/span><span style=\"font-weight: 400;\">s<\/span><span style=\"font-weight: 400;\"> of aircrafts and spacecrafts. France has <\/span><span style=\"font-weight: 400;\">something like <\/span><span style=\"font-weight: 400;\">twenty companies based in Kuwait, <\/span><span style=\"font-weight: 400;\">working in sevral different areas such as <\/span><span style=\"font-weight: 400;\">textiles, chemicals, perfumes and cosmetics, industrial and agricultural machinery<\/span><span style=\"font-weight: 400;\">\u00a0as well as <\/span><span style=\"font-weight: 400;\">agri-food products <\/span><span style=\"font-weight: 400;\">(source: France Diplomatie, Tr\u00e9sor, Direction G\u00e9n\u00e9rale)<\/span><span style=\"font-weight: 400;\">.<\/span><\/p>\n<p><span style=\"font-weight: 400;\">In order to <\/span><span style=\"font-weight: 400;\">perfectly<\/span><span style=\"font-weight: 400;\"> meet <\/span><span style=\"font-weight: 400;\">its customers\u2019 <\/span><span style=\"font-weight: 400;\">needs on the Kuwaiti market, Simon Associ\u00e9s has developed privileged relations with economic and legal partners locally.<\/span>[\/vc_column_text][vc_column_text css=&#8221;.vc_custom_1627397590154{margin-bottom: 0px !important;}&#8221;]Lebanon is located on the eastern shore of the Mediterranean. It covers an area of 10,452 km\u00b2, an area roughly equal to that of the Gironde department, the largest French department. Its capital is Beirut, located in the centre of the country&#8217;s west coast. Lebanon has nearly 6.8 million inhabitants and a GDP of $52 billion in 2019.<\/p>\n<p>French exports to Lebanon reached \u20ac381m in 2020. This is a decrease of 179 M\u20ac (-32%) compared to 2019 and 367 M\u20ac (-49%) compared to 2018. In the medium term, this decrease reaches 72% compared to 2012 (the highest year in the bilateral trade relationship when exports reached \u20ac1.35bn). The sectors driving Lebanese growth are mainly banking, which is experiencing record profits, real estate and construction, and tourism.<\/p>\n<p>During the 1990s, Lebanon experienced growth supported by an active network of SMEs, by the tourism and finance sectors, but also by aid and foreign investments. GDP per capita has also been increasing during this period. Lebanon is experiencing an increasing number of tourists.<\/p>\n<p>In order to best meet the needs of its clients in the Lebanese market, Simon Associ\u00e9s has developed relationships with renowned economic and legal partners in Lebanon.<\/p>\n<p>[\/vc_column_text]<style type=\"text\/css\" >#l_s324c8s14zdgbwrovjr2.sc_line ,#l_s324c8s14zdgbwrovjr2 .sc_line { height:1px; background:#004990;}#l_s324c8s14zdgbwrovjr2 {margin:10px 0 30px 0; padding:0;}<\/style><div class=\"clearfix\"><\/div><div id=\"l_s324c8s14zdgbwrovjr2\"  class=\"sc_line rd_line_normal\" ><\/div>[vc_column_text]<\/p>\n<h2 id=\"oman\">Oman<\/h2>\n<p>[\/vc_column_text][vc_column_text css=&#8221;.vc_custom_1569372088558{margin-bottom: 0px !important;}&#8221;]<\/p>\n<p class=\"s13\"><span class=\"s30\">The Sultanate of Oman is located to the south of the Arabian Peninsula and is bordered by the United Arab Emirates to the north, Saudi Arabia to the west, Yemen to the southwest, the Arabian Sea to the southeast, and the Gulf of Oman to the northeast. It has a total area of 312 460 <\/span><span class=\"s30\">sqkm<\/span><span class=\"s30\">, a population of 4.4 million, for a GDP of US$63.2 billion <\/span><span class=\"s31\">(source: FMI, 2016)<\/span><span class=\"s30\">.<\/span><\/p>\n<p class=\"s13\"><span class=\"s30\">Over 65% of Oman\u2019s GDP comes from the oil sector. Tourism (in the region of Muscat and Salalah) and agriculture (around the city of <\/span><span class=\"s30\">Sohar<\/span><span class=\"s30\">, hometown of Sinbad the Sailor) complete the economic landscape of <\/span><span class=\"s30\">the Sultanate. The tourism sector is developing rapidly and takes the form of major infrastructure projects. As a result, the number of tourists is growing steadily year after year. Amenity and infrastructure projects are also developing in the field of transport and industry, with Oman paying <\/span><span class=\"s30\">particular attention<\/span><span class=\"s30\"> to the diversification of its economy.<\/span><\/p>\n<p class=\"s13\"><span class=\"s30\">In order to meet the needs of its <\/span><span class=\"s30\">customers<\/span><span class=\"s30\"> on the Omani market, Simon <\/span><span class=\"s30\">Associ\u00e9s<\/span><span class=\"s30\"> has developed privileged relations with economic and legal partners locally.<\/span><\/p>\n<p>[\/vc_column_text]<style type=\"text\/css\" >#l_d68wlz47rh9x08b5vkgx.sc_line ,#l_d68wlz47rh9x08b5vkgx .sc_line { height:1px; background:#004990;}#l_d68wlz47rh9x08b5vkgx {margin:50px 0 50px 0; padding:0;}<\/style><div class=\"clearfix\"><\/div><div id=\"l_d68wlz47rh9x08b5vkgx\"  class=\"sc_line rd_line_normal\" ><\/div>[vc_column_text]<\/p>\n<h2 id=\"qatar\"><strong>Qatar<\/strong><\/h2>\n<p>[\/vc_column_text][vc_column_text css=&#8221;.vc_custom_1571952552683{margin-bottom: 85px !important;}&#8221;]<span style=\"font-weight: 400;\">The State of Qatar is an emirate in the Middle East covering an area of 11,586 km\u00b2, located on a peninsula extending into the Persian Gulf and connected to the Arabian Peninsula to the South, where it shares a land border with Saudi Arabia. Qatar has a population of 2.7 million inhabitants, with a GDP of 192.5 billion dollars, in 2018 <\/span><span style=\"font-weight: 400;\">(source : IMF, World Bank, 2018)<\/span><span style=\"font-weight: 400;\">.<\/span><\/p>\n<p><span style=\"font-weight: 400;\">The Qatari economy is based on oil production, but mainly on its natural gas reserves (3rd largest producer in the world). By investing in the development of significant liquification capacities, the Emirate was able to build on its position as the world&#8217;s leading exporter of liquid natural gas (LNG) from early 2006 <\/span><span style=\"font-weight: 400;\">(source: Direction Generale, Tresor)<\/span><span style=\"font-weight: 400;\">.<\/span><\/p>\n<p><span style=\"font-weight: 400;\">Behind the United Kingdom, Germany and the United States, France is one of the main destinations of Qatari investors abroad.\u00a0<\/span><span style=\"font-weight: 400;\">French companies are well represented in the Emirate precisely in the following areas: new technologies, energy, infrastructure, and the environment. French industrials are also present in Qatar in the defence, transport, aeronautics and pollution control sectors <\/span><span style=\"font-weight: 400;\">(source: France Diplomatie).<\/span><\/p>\n<p><span style=\"font-weight: 400;\">In order to meet the needs of its customers on the Qatari market, Simon Associ\u00e9s has developed\u00a0<\/span><span style=\"font-weight: 400;\">privileged relations with economic and legal partners locally.<\/span>[\/vc_column_text]<style type=\"text\/css\" >#l_h1g2gi6d5t3mtndv4wqz.sc_line ,#l_h1g2gi6d5t3mtndv4wqz .sc_line { height:1px; background:#004990;}#l_h1g2gi6d5t3mtndv4wqz {margin:50px 0 50px 0; padding:0;}<\/style><div class=\"clearfix\"><\/div><div id=\"l_h1g2gi6d5t3mtndv4wqz\"  class=\"sc_line rd_line_normal\" ><\/div>[vc_column_text]<\/p>\n<h2 id=\"uae\"><strong>United Arab Emirates<\/strong><\/h2>\n<p>[\/vc_column_text][vc_column_text css=&#8221;.vc_custom_1569372028605{margin-bottom: 85px !important;}&#8221;]<\/p>\n<p class=\"s13\"><span class=\"s30\">The United Arab Emirates covers 82,880 <\/span><span class=\"s30\">sq.kms<\/span><span class=\"s30\">. This country is bordered by the Sultanate of Oman to the east as well as by Saudi Arabia to the southwest. It has nearly 10,4 million inhabitants and has a GDP of US$455.59 billion <\/span><span class=\"s31\">(source: FMI &#8211; DGT &#8211; BM, 2019)<\/span><span class=\"s30\">.<\/span><\/p>\n<p class=\"s13\"><span class=\"s30\">The United Arab Emirates is the second largest economy among the Gulf countries behind Saudi Arabia thanks to the world\u2019s 7th largest gas reserves, allowing the country to become the 17th biggest gas producer. The UAE economy ranks among the most diversified in the Middle East.<\/span><\/p>\n<p class=\"s13\"><span class=\"s30\">For <\/span><span class=\"s30\">a number of<\/span><span class=\"s30\"> years now, the United Arab Emirates has been an exceptional business partner for French companies and has emerged as the country\u2019s main outlet in the Middle East in recent years. French exports have tripled in the space of ten years and now stabilized, despite a particularly competitive market.<\/span><\/p>\n<p class=\"s13\"><span class=\"s30\">In order to meet the needs of its <\/span><span class=\"s30\">customers<\/span><span class=\"s30\"> on the UAE market, Simon <\/span><span class=\"s30\">Associ\u00e9s<\/span><span class=\"s30\"> has developed privileged relations with economic and legal partners locally.<\/span><\/p>\n<p>[\/vc_column_text][vc_empty_space][vc_column_text css=&#8221;.vc_custom_1544024195498{margin-bottom: 35px !important;}&#8221;]<\/p>\n<div class=\"btn-black text-right\"><a href=\"\/en\/simon-associes-worldwide\/\">back to the international list<\/a><\/div>\n<p>[\/vc_column_text][\/vc_column][vc_column width=&#8221;1\/4&#8243;][vc_column_text]<\/p>\n<div class=\"btn-black btn-right text-right \"><a href=\"\/en\/simon-associes-in-france\/\">Simon Associ\u00e9s in France<\/a><\/div>\n<p>[\/vc_column_text][\/vc_column][\/vc_row][vc_row][vc_column][vc_empty_space][\/vc_column][\/vc_row]<\/p>\n<\/div>","protected":false},"excerpt":{"rendered":"<p>Lorem ipsum dolor sit amet, consectetur adipiscing elit, sed do eiusmod tempor incididunt ut labore et dolore magna<br \/>\naliqua. Ut enim ad minim veniam<\/p>\n","protected":false},"author":6,"featured_media":0,"parent":0,"menu_order":0,"comment_status":"closed","ping_status":"closed","template":"","meta":{"footnotes":""},"class_list":["post-17490","page","type-page","status-publish","hentry"],"yoast_head":"<!-- This site is optimized with the Yoast SEO plugin v27.1.1 - https:\/\/yoast.com\/product\/yoast-seo-wordpress\/ -->\n<title>Middle East - Cabinet d&#039;avocats d&#039;Affaires Simon Associ\u00e9s<\/title>\n<meta name=\"robots\" content=\"index, follow, max-snippet:-1, max-image-preview:large, max-video-preview:-1\" \/>\n<link rel=\"canonical\" href=\"https:\/\/simonassocies.com\/en\/middle-east\/\" \/>\n<meta property=\"og:locale\" content=\"en_US\" \/>\n<meta property=\"og:type\" content=\"article\" \/>\n<meta property=\"og:title\" content=\"Middle East - Cabinet d&#039;avocats d&#039;Affaires Simon Associ\u00e9s\" \/>\n<meta property=\"og:description\" content=\"Lorem ipsum dolor sit amet, consectetur adipiscing elit, sed do eiusmod tempor incididunt ut labore et dolore magna aliqua. Ut enim ad minim veniam\" \/>\n<meta property=\"og:url\" content=\"https:\/\/simonassocies.com\/en\/middle-east\/\" \/>\n<meta property=\"og:site_name\" content=\"Cabinet d&#039;avocats d&#039;Affaires Simon Associ\u00e9s\" \/>\n<meta property=\"article:modified_time\" content=\"2024-03-13T14:52:44+00:00\" \/>\n<meta name=\"twitter:card\" content=\"summary_large_image\" \/>\n<meta name=\"twitter:label1\" content=\"Est. reading time\" \/>\n\t<meta name=\"twitter:data1\" content=\"8 minutes\" \/>\n<script type=\"application\/ld+json\" class=\"yoast-schema-graph\">{\"@context\":\"https:\/\/schema.org\",\"@graph\":[{\"@type\":\"WebPage\",\"@id\":\"https:\/\/simonassocies.com\/en\/middle-east\/\",\"url\":\"https:\/\/simonassocies.com\/en\/middle-east\/\",\"name\":\"Middle East - Cabinet d&#039;avocats d&#039;Affaires Simon Associ\u00e9s\",\"isPartOf\":{\"@id\":\"https:\/\/simonassocies.com\/#website\"},\"datePublished\":\"2018-11-14T13:45:00+00:00\",\"dateModified\":\"2024-03-13T14:52:44+00:00\",\"breadcrumb\":{\"@id\":\"https:\/\/simonassocies.com\/en\/middle-east\/#breadcrumb\"},\"inLanguage\":\"en-US\",\"potentialAction\":[{\"@type\":\"ReadAction\",\"target\":[\"https:\/\/simonassocies.com\/en\/middle-east\/\"]}]},{\"@type\":\"BreadcrumbList\",\"@id\":\"https:\/\/simonassocies.com\/en\/middle-east\/#breadcrumb\",\"itemListElement\":[{\"@type\":\"ListItem\",\"position\":1,\"name\":\"Accueil\",\"item\":\"https:\/\/simonassocies.com\/en\/\"},{\"@type\":\"ListItem\",\"position\":2,\"name\":\"Middle East\"}]},{\"@type\":\"WebSite\",\"@id\":\"https:\/\/simonassocies.com\/#website\",\"url\":\"https:\/\/simonassocies.com\/\",\"name\":\"Cabinet d&#039;avocats d&#039;Affaires Simon Associ\u00e9s\",\"description\":\"Le droit d&#039;entreprendre\",\"potentialAction\":[{\"@type\":\"SearchAction\",\"target\":{\"@type\":\"EntryPoint\",\"urlTemplate\":\"https:\/\/simonassocies.com\/?s={search_term_string}\"},\"query-input\":{\"@type\":\"PropertyValueSpecification\",\"valueRequired\":true,\"valueName\":\"search_term_string\"}}],\"inLanguage\":\"en-US\"}]}<\/script>\n<!-- \/ Yoast SEO plugin. -->","yoast_head_json":{"title":"Middle East - Cabinet d&#039;avocats d&#039;Affaires Simon Associ\u00e9s","robots":{"index":"index","follow":"follow","max-snippet":"max-snippet:-1","max-image-preview":"max-image-preview:large","max-video-preview":"max-video-preview:-1"},"canonical":"https:\/\/simonassocies.com\/en\/middle-east\/","og_locale":"en_US","og_type":"article","og_title":"Middle East - Cabinet d&#039;avocats d&#039;Affaires Simon Associ\u00e9s","og_description":"Lorem ipsum dolor sit amet, consectetur adipiscing elit, sed do eiusmod tempor incididunt ut labore et dolore magna aliqua. Ut enim ad minim veniam","og_url":"https:\/\/simonassocies.com\/en\/middle-east\/","og_site_name":"Cabinet d&#039;avocats d&#039;Affaires Simon Associ\u00e9s","article_modified_time":"2024-03-13T14:52:44+00:00","twitter_card":"summary_large_image","twitter_misc":{"Est. reading time":"8 minutes"},"schema":{"@context":"https:\/\/schema.org","@graph":[{"@type":"WebPage","@id":"https:\/\/simonassocies.com\/en\/middle-east\/","url":"https:\/\/simonassocies.com\/en\/middle-east\/","name":"Middle East - Cabinet d&#039;avocats d&#039;Affaires Simon Associ\u00e9s","isPartOf":{"@id":"https:\/\/simonassocies.com\/#website"},"datePublished":"2018-11-14T13:45:00+00:00","dateModified":"2024-03-13T14:52:44+00:00","breadcrumb":{"@id":"https:\/\/simonassocies.com\/en\/middle-east\/#breadcrumb"},"inLanguage":"en-US","potentialAction":[{"@type":"ReadAction","target":["https:\/\/simonassocies.com\/en\/middle-east\/"]}]},{"@type":"BreadcrumbList","@id":"https:\/\/simonassocies.com\/en\/middle-east\/#breadcrumb","itemListElement":[{"@type":"ListItem","position":1,"name":"Accueil","item":"https:\/\/simonassocies.com\/en\/"},{"@type":"ListItem","position":2,"name":"Middle East"}]},{"@type":"WebSite","@id":"https:\/\/simonassocies.com\/#website","url":"https:\/\/simonassocies.com\/","name":"Cabinet d&#039;avocats d&#039;Affaires Simon Associ\u00e9s","description":"Le droit d&#039;entreprendre","potentialAction":[{"@type":"SearchAction","target":{"@type":"EntryPoint","urlTemplate":"https:\/\/simonassocies.com\/?s={search_term_string}"},"query-input":{"@type":"PropertyValueSpecification","valueRequired":true,"valueName":"search_term_string"}}],"inLanguage":"en-US"}]}},"_links":{"self":[{"href":"https:\/\/simonassocies.com\/en\/wp-json\/wp\/v2\/pages\/17490","targetHints":{"allow":["GET"]}}],"collection":[{"href":"https:\/\/simonassocies.com\/en\/wp-json\/wp\/v2\/pages"}],"about":[{"href":"https:\/\/simonassocies.com\/en\/wp-json\/wp\/v2\/types\/page"}],"author":[{"embeddable":true,"href":"https:\/\/simonassocies.com\/en\/wp-json\/wp\/v2\/users\/6"}],"replies":[{"embeddable":true,"href":"https:\/\/simonassocies.com\/en\/wp-json\/wp\/v2\/comments?post=17490"}],"version-history":[{"count":17,"href":"https:\/\/simonassocies.com\/en\/wp-json\/wp\/v2\/pages\/17490\/revisions"}],"predecessor-version":[{"id":32212,"href":"https:\/\/simonassocies.com\/en\/wp-json\/wp\/v2\/pages\/17490\/revisions\/32212"}],"wp:attachment":[{"href":"https:\/\/simonassocies.com\/en\/wp-json\/wp\/v2\/media?parent=17490"}],"curies":[{"name":"wp","href":"https:\/\/api.w.org\/{rel}","templated":true}]}}