{"id":17220,"date":"2018-11-13T10:28:27","date_gmt":"2018-11-13T09:28:27","guid":{"rendered":"https:\/\/www.simonassocies.com\/en\/?page_id=17220"},"modified":"2019-06-19T04:44:02","modified_gmt":"2019-06-19T03:44:02","slug":"les-valeurs-du-cabinet","status":"publish","type":"page","link":"https:\/\/simonassocies.com\/en\/simon-associes\/les-valeurs-du-cabinet\/","title":{"rendered":"Our values"},"content":{"rendered":"<div class=\"wpb-content-wrapper\"><p>[vc_row][vc_column width=&#8221;2\/3&#8243;][vc_single_image image=&#8221;7822&#8243; img_size=&#8221;full&#8221; css=&#8221;.vc_custom_1533295680023{margin-bottom: 20px !important;}&#8221;][vc_empty_space][vc_custom_heading source=&#8221;post_title&#8221; font_container=&#8221;tag:h1|font_size:36px|text_align:left|color:%23222756|line_height:36px&#8221; google_fonts=&#8221;font_family:Lato%3A100%2C100italic%2C300%2C300italic%2Cregular%2Citalic%2C700%2C700italic%2C900%2C900italic|font_style:300%20light%20regular%3A300%3Anormal&#8221; css=&#8221;.vc_custom_1533295686969{margin-bottom: 25px !important;}&#8221;][vc_column_text]From the very outset, the firm has defended key values :<\/p>\n<ul>\n<li>Availability<\/li>\n<li>Responsiveness<\/li>\n<li>Innovation<\/li>\n<li>Knowledge of companies<\/li>\n<li>Understanding of needs<\/li>\n<li>Quality of the service<\/li>\n<li>Remuneration method<\/li>\n<\/ul>\n<p>[\/vc_column_text][\/vc_column][vc_column width=&#8221;1\/3&#8243;][vc_column_text]<\/p>\n<div class=\"btn-black btn-right text-right \"><a href=\"https:\/\/www.simonassocies.com\/en\/simon-associes\/about-us\/\">The firm<\/a><\/div>\n<div class=\"btn-black btn-right text-right \"><a href=\"https:\/\/www.simonassocies.com\/en\/the-partners\/\">Team<\/a><\/div>\n<p>[\/vc_column_text][\/vc_column][\/vc_row][vc_row el_id=&#8221;content-sub-page&#8221; el_class=&#8221;page-simon-asso&#8221; css=&#8221;.vc_custom_1498123821996{padding-top: 0px !important;}&#8221;][vc_column]<style type=\"text\/css\" >#l_eqd6py4siqga912gbafh.sc_line ,#l_eqd6py4siqga912gbafh .sc_line { height:1px; background:#222756;}#l_eqd6py4siqga912gbafh {margin:50px 0 50px 0; padding:0;}<\/style><div class=\"clearfix\"><\/div><div id=\"l_eqd6py4siqga912gbafh\"  class=\"sc_line rd_line_normal\" ><\/div>[vc_column_text]These values also concern :[\/vc_column_text][vc_column_text css=&#8221;.vc_custom_1542101626725{margin-bottom: 0px !important;}&#8221;]<\/p>\n<div class=\"content-item\">\n<h2><span class=\"fa-crosshairs rd_menu_icon\">\u00a0Technical and sector-specific expertise<\/span><\/h2>\n<p>The Simon Associ\u00e9s teams boast extensive expertise in business law, encompassing a whole host of business sectors, favored by the diversity of origins, locations and partnerships in France and internationally.<\/p>\n<\/div>\n<p>[\/vc_column_text][vc_empty_space][vc_column_text css=&#8221;.vc_custom_1542102660745{margin-bottom: 0px !important;}&#8221;]<\/p>\n<div class=\"content-item content-sub-page\">\n<h2><span class=\"fa-cog rd_menu_icon\">\u00a0An entrepreneurial approach to the company&#8217;s expectations<\/span><\/h2>\n<p>The members of Simon Associ\u00e9s move with the times. They boast an organization adapted to the constraints of today&#8217;s businesses and are tuned into the expectations and needs of their clients.<\/p>\n<\/div>\n<p>[\/vc_column_text][vc_empty_space][vc_column_text css=&#8221;.vc_custom_1542102650570{margin-bottom: 0px !important;}&#8221;]<\/p>\n<div class=\"content-item content-sub-page\">\n<h2><span class=\"fa-male rd_menu_icon\">\u00a0The bond and relationship of trust<\/span><\/h2>\n<p>The members of Simon Associ\u00e9s are active in their environment. Present in a variety of organizations, they help entrepreneurs develop the kind of links that can ensure sustainability and growth.<\/p>\n<\/div>\n<p>[\/vc_column_text]<style type=\"text\/css\" >#l_nayr5d2un9mxit6s4mj5.sc_line ,#l_nayr5d2un9mxit6s4mj5 .sc_line { height:1px; background:#222756;}#l_nayr5d2un9mxit6s4mj5 {margin:50px 0 50px 0; padding:0;}<\/style><div class=\"clearfix\"><\/div><div id=\"l_nayr5d2un9mxit6s4mj5\"  class=\"sc_line rd_line_normal\" ><\/div>[\/vc_column][\/vc_row][vc_row][vc_column][vc_single_image image=&#8221;8379&#8243; img_size=&#8221;full&#8221; onclick=&#8221;custom_link&#8221; link=&#8221;\/qui-sommes-nous\/&#8221;][\/vc_column][\/vc_row][vc_row][vc_column][vc_empty_space][\/vc_column][\/vc_row][vc_row][vc_column width=&#8221;1\/6&#8243;][vc_column_text]<\/p>\n<div class=\"btn-black btn-right text-right \"><a href=\"https:\/\/www.simonassocies.com\/en\/simon-associes\/about-us\/\">About us<\/a><\/div>\n<p>[\/vc_column_text][\/vc_column][vc_column width=&#8221;1\/6&#8243;][\/vc_column][vc_column width=&#8221;1\/6&#8243;][\/vc_column][vc_column width=&#8221;1\/6&#8243;][\/vc_column][vc_column width=&#8221;1\/6&#8243;][\/vc_column][vc_column width=&#8221;1\/6&#8243;][\/vc_column][\/vc_row][vc_row][vc_column][vc_empty_space][\/vc_column][\/vc_row]<\/p>\n<\/div>","protected":false},"excerpt":{"rendered":"<p>Une expertise technique et m\u00e9tier. Un accompagnement \u00e0 l\u2019international. Des opportunit\u00e9s de croissance. Une approche entrepreneuriale des attentes de l\u2019entreprise. L\u2019intelligence \u00e9conomique et strat\u00e9gique.<\/p>\n","protected":false},"author":6,"featured_media":0,"parent":7854,"menu_order":0,"comment_status":"closed","ping_status":"closed","template":"","meta":{"footnotes":""},"class_list":["post-17220","page","type-page","status-publish","hentry"],"yoast_head":"<!-- This site is optimized with the Yoast SEO plugin v27.1.1 - https:\/\/yoast.com\/product\/yoast-seo-wordpress\/ -->\n<title>Our values - Cabinet d&#039;avocats d&#039;Affaires Simon Associ\u00e9s<\/title>\n<meta name=\"robots\" content=\"index, follow, max-snippet:-1, max-image-preview:large, max-video-preview:-1\" \/>\n<link rel=\"canonical\" href=\"https:\/\/simonassocies.com\/en\/simon-associes\/les-valeurs-du-cabinet\/\" \/>\n<meta property=\"og:locale\" content=\"en_US\" \/>\n<meta property=\"og:type\" content=\"article\" \/>\n<meta property=\"og:title\" content=\"Our values - Cabinet d&#039;avocats d&#039;Affaires Simon Associ\u00e9s\" \/>\n<meta property=\"og:description\" content=\"Une expertise technique et m\u00e9tier. Un accompagnement \u00e0 l\u2019international. Des opportunit\u00e9s de croissance. Une approche entrepreneuriale des attentes de l\u2019entreprise. L\u2019intelligence \u00e9conomique et strat\u00e9gique.\" \/>\n<meta property=\"og:url\" content=\"https:\/\/simonassocies.com\/en\/simon-associes\/les-valeurs-du-cabinet\/\" \/>\n<meta property=\"og:site_name\" content=\"Cabinet d&#039;avocats d&#039;Affaires Simon Associ\u00e9s\" \/>\n<meta property=\"article:modified_time\" content=\"2019-06-19T03:44:02+00:00\" \/>\n<meta name=\"twitter:card\" content=\"summary_large_image\" \/>\n<meta name=\"twitter:label1\" content=\"Est. reading time\" \/>\n\t<meta name=\"twitter:data1\" content=\"2 minutes\" \/>\n<script type=\"application\/ld+json\" class=\"yoast-schema-graph\">{\"@context\":\"https:\/\/schema.org\",\"@graph\":[{\"@type\":\"WebPage\",\"@id\":\"https:\/\/simonassocies.com\/en\/simon-associes\/les-valeurs-du-cabinet\/\",\"url\":\"https:\/\/simonassocies.com\/en\/simon-associes\/les-valeurs-du-cabinet\/\",\"name\":\"Our values - Cabinet d&#039;avocats d&#039;Affaires Simon Associ\u00e9s\",\"isPartOf\":{\"@id\":\"https:\/\/simonassocies.com\/#website\"},\"datePublished\":\"2018-11-13T09:28:27+00:00\",\"dateModified\":\"2019-06-19T03:44:02+00:00\",\"breadcrumb\":{\"@id\":\"https:\/\/simonassocies.com\/en\/simon-associes\/les-valeurs-du-cabinet\/#breadcrumb\"},\"inLanguage\":\"en-US\",\"potentialAction\":[{\"@type\":\"ReadAction\",\"target\":[\"https:\/\/simonassocies.com\/en\/simon-associes\/les-valeurs-du-cabinet\/\"]}]},{\"@type\":\"BreadcrumbList\",\"@id\":\"https:\/\/simonassocies.com\/en\/simon-associes\/les-valeurs-du-cabinet\/#breadcrumb\",\"itemListElement\":[{\"@type\":\"ListItem\",\"position\":1,\"name\":\"Accueil\",\"item\":\"https:\/\/simonassocies.com\/en\/\"},{\"@type\":\"ListItem\",\"position\":2,\"name\":\"Simon Associ\u00e9s\",\"item\":\"https:\/\/simonassocies.com\/en\/simon-associes\/\"},{\"@type\":\"ListItem\",\"position\":3,\"name\":\"Our values\"}]},{\"@type\":\"WebSite\",\"@id\":\"https:\/\/simonassocies.com\/#website\",\"url\":\"https:\/\/simonassocies.com\/\",\"name\":\"Cabinet d&#039;avocats d&#039;Affaires Simon Associ\u00e9s\",\"description\":\"Le droit d&#039;entreprendre\",\"potentialAction\":[{\"@type\":\"SearchAction\",\"target\":{\"@type\":\"EntryPoint\",\"urlTemplate\":\"https:\/\/simonassocies.com\/?s={search_term_string}\"},\"query-input\":{\"@type\":\"PropertyValueSpecification\",\"valueRequired\":true,\"valueName\":\"search_term_string\"}}],\"inLanguage\":\"en-US\"}]}<\/script>\n<!-- \/ Yoast SEO plugin. -->","yoast_head_json":{"title":"Our values - Cabinet d&#039;avocats d&#039;Affaires Simon Associ\u00e9s","robots":{"index":"index","follow":"follow","max-snippet":"max-snippet:-1","max-image-preview":"max-image-preview:large","max-video-preview":"max-video-preview:-1"},"canonical":"https:\/\/simonassocies.com\/en\/simon-associes\/les-valeurs-du-cabinet\/","og_locale":"en_US","og_type":"article","og_title":"Our values - Cabinet d&#039;avocats d&#039;Affaires Simon Associ\u00e9s","og_description":"Une expertise technique et m\u00e9tier. Un accompagnement \u00e0 l\u2019international. Des opportunit\u00e9s de croissance. Une approche entrepreneuriale des attentes de l\u2019entreprise. L\u2019intelligence \u00e9conomique et strat\u00e9gique.","og_url":"https:\/\/simonassocies.com\/en\/simon-associes\/les-valeurs-du-cabinet\/","og_site_name":"Cabinet d&#039;avocats d&#039;Affaires Simon Associ\u00e9s","article_modified_time":"2019-06-19T03:44:02+00:00","twitter_card":"summary_large_image","twitter_misc":{"Est. reading time":"2 minutes"},"schema":{"@context":"https:\/\/schema.org","@graph":[{"@type":"WebPage","@id":"https:\/\/simonassocies.com\/en\/simon-associes\/les-valeurs-du-cabinet\/","url":"https:\/\/simonassocies.com\/en\/simon-associes\/les-valeurs-du-cabinet\/","name":"Our values - Cabinet d&#039;avocats d&#039;Affaires Simon Associ\u00e9s","isPartOf":{"@id":"https:\/\/simonassocies.com\/#website"},"datePublished":"2018-11-13T09:28:27+00:00","dateModified":"2019-06-19T03:44:02+00:00","breadcrumb":{"@id":"https:\/\/simonassocies.com\/en\/simon-associes\/les-valeurs-du-cabinet\/#breadcrumb"},"inLanguage":"en-US","potentialAction":[{"@type":"ReadAction","target":["https:\/\/simonassocies.com\/en\/simon-associes\/les-valeurs-du-cabinet\/"]}]},{"@type":"BreadcrumbList","@id":"https:\/\/simonassocies.com\/en\/simon-associes\/les-valeurs-du-cabinet\/#breadcrumb","itemListElement":[{"@type":"ListItem","position":1,"name":"Accueil","item":"https:\/\/simonassocies.com\/en\/"},{"@type":"ListItem","position":2,"name":"Simon Associ\u00e9s","item":"https:\/\/simonassocies.com\/en\/simon-associes\/"},{"@type":"ListItem","position":3,"name":"Our values"}]},{"@type":"WebSite","@id":"https:\/\/simonassocies.com\/#website","url":"https:\/\/simonassocies.com\/","name":"Cabinet d&#039;avocats d&#039;Affaires Simon Associ\u00e9s","description":"Le droit d&#039;entreprendre","potentialAction":[{"@type":"SearchAction","target":{"@type":"EntryPoint","urlTemplate":"https:\/\/simonassocies.com\/?s={search_term_string}"},"query-input":{"@type":"PropertyValueSpecification","valueRequired":true,"valueName":"search_term_string"}}],"inLanguage":"en-US"}]}},"_links":{"self":[{"href":"https:\/\/simonassocies.com\/en\/wp-json\/wp\/v2\/pages\/17220","targetHints":{"allow":["GET"]}}],"collection":[{"href":"https:\/\/simonassocies.com\/en\/wp-json\/wp\/v2\/pages"}],"about":[{"href":"https:\/\/simonassocies.com\/en\/wp-json\/wp\/v2\/types\/page"}],"author":[{"embeddable":true,"href":"https:\/\/simonassocies.com\/en\/wp-json\/wp\/v2\/users\/6"}],"replies":[{"embeddable":true,"href":"https:\/\/simonassocies.com\/en\/wp-json\/wp\/v2\/comments?post=17220"}],"version-history":[{"count":13,"href":"https:\/\/simonassocies.com\/en\/wp-json\/wp\/v2\/pages\/17220\/revisions"}],"predecessor-version":[{"id":20873,"href":"https:\/\/simonassocies.com\/en\/wp-json\/wp\/v2\/pages\/17220\/revisions\/20873"}],"up":[{"embeddable":true,"href":"https:\/\/simonassocies.com\/en\/wp-json\/wp\/v2\/pages\/7854"}],"wp:attachment":[{"href":"https:\/\/simonassocies.com\/en\/wp-json\/wp\/v2\/media?parent=17220"}],"curies":[{"name":"wp","href":"https:\/\/api.w.org\/{rel}","templated":true}]}}